{"id":12144,"date":"2021-10-14T07:51:47","date_gmt":"2021-10-14T05:51:47","guid":{"rendered":"https:\/\/balance-viv.lu\/rechtliche-hinweise\/"},"modified":"2024-06-06T09:59:35","modified_gmt":"2024-06-06T07:59:35","slug":"rechtliche-hinweise","status":"publish","type":"page","link":"https:\/\/balance-viv.lu\/de\/rechtliche-hinweise\/","title":{"rendered":"Rechtliche Hinweise"},"content":{"rendered":"\t\t<div data-elementor-type=\"wp-page\" data-elementor-id=\"12144\" class=\"elementor elementor-12144 elementor-908\" data-elementor-post-type=\"page\">\n\t\t\t\t<div class=\"elementor-element elementor-element-96736fe e-flex e-con-boxed e-con e-parent\" data-id=\"96736fe\" data-element_type=\"container\" data-e-type=\"container\" data-settings=\"{&quot;background_background&quot;:&quot;classic&quot;,&quot;position&quot;:&quot;absolute&quot;}\">\n\t\t\t\t\t<div class=\"e-con-inner\">\n\t\t\t\t\t<\/div>\n\t\t\t\t<\/div>\n\t\t\t\t<section class=\"elementor-section elementor-top-section elementor-element elementor-element-cb81543 elementor-section-boxed elementor-section-height-default elementor-section-height-default\" data-id=\"cb81543\" data-element_type=\"section\" data-e-type=\"section\">\n\t\t\t\t\t\t<div class=\"elementor-container elementor-column-gap-default\">\n\t\t\t\t\t<div class=\"elementor-column elementor-col-100 elementor-top-column elementor-element elementor-element-6825f7f\" data-id=\"6825f7f\" data-element_type=\"column\" data-e-type=\"column\">\n\t\t\t<div class=\"elementor-widget-wrap elementor-element-populated\">\n\t\t\t\t\t\t<div class=\"elementor-element elementor-element-71fc58d elementor-widget elementor-widget-spacer\" data-id=\"71fc58d\" data-element_type=\"widget\" data-e-type=\"widget\" data-widget_type=\"spacer.default\">\n\t\t\t\t<div class=\"elementor-widget-container\">\n\t\t\t\t\t\t\t<div class=\"elementor-spacer\">\n\t\t\t<div class=\"elementor-spacer-inner\"><\/div>\n\t\t<\/div>\n\t\t\t\t\t\t<\/div>\n\t\t\t\t<\/div>\n\t\t\t\t<div class=\"elementor-element elementor-element-9a028c3 elementor-widget elementor-widget-heading\" data-id=\"9a028c3\" data-element_type=\"widget\" data-e-type=\"widget\" data-widget_type=\"heading.default\">\n\t\t\t\t<div class=\"elementor-widget-container\">\n\t\t\t\t\t<h2 class=\"elementor-heading-title elementor-size-default\">Verlagswesen und Hosting<\/h2>\t\t\t\t<\/div>\n\t\t\t\t<\/div>\n\t\t\t\t<div class=\"elementor-element elementor-element-95eeea5 elementor-widget elementor-widget-text-editor\" data-id=\"95eeea5\" data-element_type=\"widget\" data-e-type=\"widget\" data-widget_type=\"text-editor.default\">\n\t\t\t\t<div class=\"elementor-widget-container\">\n\t\t\t\t\t\t\t\t\t<p align=\"JUSTIFY\"><span lang=\"fr-FR\">Sie sind derzeit mit der Website <strong>balance-viv.lu<\/strong> verbunden, die herausgegeben wird von <\/span><strong><br \/>\n  <span lang=\"fr-FR\">Balance VIV s\u00e0rl-s <\/span><br \/>\n<\/strong><span lang=\"fr-FR\">, eingetragen im Handelsregister <strong>NACE-Code: B284861<\/strong> und Gesellschaften.<\/span> <span lang=\"fr-FR\">mit Sitz in <strong><span class=\"address\"><span class=\"street\"> 1 Am Lahr <\/span> <span class=\"zip-code\">L-9155<\/span> <span class=\"locality\">Grosbous<\/span><\/span><\/strong>.<\/span><\/p>\n<p align=\"JUSTIFY\"><span lang=\"fr-FR\">Direktor der Ver\u00f6ffentlichung : <\/span><strong>Balance VIV s\u00e0rl-s<\/strong><\/p>\n<p align=\"JUSTIFY\"><span lang=\"fr-FR\">Redaktion : <\/span><strong>Balance VIV s\u00e0rl-s<\/strong><\/p>\n<p align=\"JUSTIFY\"><span lang=\"fr-FR\">Design &amp; Hosting: <strong>Markeasy Communication<\/strong><br \/><\/span><\/p>\n\t\t\t\t\t\t\t\t<\/div>\n\t\t\t\t<\/div>\n\t\t\t\t<div class=\"elementor-element elementor-element-cd17230 elementor-widget elementor-widget-heading\" data-id=\"cd17230\" data-element_type=\"widget\" data-e-type=\"widget\" data-widget_type=\"heading.default\">\n\t\t\t\t<div class=\"elementor-widget-container\">\n\t\t\t\t\t<h2 class=\"elementor-heading-title elementor-size-default\">Geistiges Eigentum<\/h2>\t\t\t\t<\/div>\n\t\t\t\t<\/div>\n\t\t\t\t<div class=\"elementor-element elementor-element-2c7eeda elementor-widget elementor-widget-text-editor\" data-id=\"2c7eeda\" data-element_type=\"widget\" data-e-type=\"widget\" data-widget_type=\"text-editor.default\">\n\t\t\t\t<div class=\"elementor-widget-container\">\n\t\t\t\t\t\t\t\t\t<p align=\"JUSTIFY\"><span lang=\"fr-FR\"><strong>Balance VIV s\u00e0rl-s<\/strong> ist Eigent\u00fcmer der geistigen Eigentumsrechte oder besitzt die Nutzungsrechte f\u00fcr alle auf der Website zug\u00e4nglichen Elemente, insbesondere Texte, Bilder, Grafiken, Symbole, T\u00f6ne, Software.<\/span><\/p>\n<p align=\"JUSTIFY\"><span lang=\"fr-FR\">Bildnachweis f\u00fcr die auf der Website verwendeten Bilder: <strong>balance-viv.lu<\/strong>, <\/span><span lang=\"fr-FR\">Bildnachweis hinzuf\u00fcgen.<br \/><\/span><\/p>\n<p align=\"JUSTIFY\"><span lang=\"fr-FR\">Jede vollst\u00e4ndige oder teilweise Vervielf\u00e4ltigung ist strengstens untersagt und stellt eine F\u00e4lschung dar, die gem\u00e4\u00df Artikel 82 ff. des Gesetzes vom 18. April 2001 \u00fcber Urheberrechte, verwandte Schutzrechte und Datenbanken bestraft wird.<\/span><\/p>\n\t\t\t\t\t\t\t\t<\/div>\n\t\t\t\t<\/div>\n\t\t\t\t<div class=\"elementor-element elementor-element-e293a84 elementor-widget elementor-widget-heading\" data-id=\"e293a84\" data-element_type=\"widget\" data-e-type=\"widget\" data-widget_type=\"heading.default\">\n\t\t\t\t<div class=\"elementor-widget-container\">\n\t\t\t\t\t<h2 class=\"elementor-heading-title elementor-size-default\">Inhalt der Website und Vervielf\u00e4ltigungsrechte<\/h2>\t\t\t\t<\/div>\n\t\t\t\t<\/div>\n\t\t\t\t<div class=\"elementor-element elementor-element-a13924e elementor-widget elementor-widget-text-editor\" data-id=\"a13924e\" data-element_type=\"widget\" data-e-type=\"widget\" data-widget_type=\"text-editor.default\">\n\t\t\t\t<div class=\"elementor-widget-container\">\n\t\t\t\t\t\t\t\t\t<p align=\"JUSTIFY\"><span lang=\"fr-FR\"><strong>Balance VIV s\u00e0rl-s<\/strong> ist Eigent\u00fcmer der geistigen Eigentumsrechte oder besitzt die Nutzungsrechte f\u00fcr alle auf der Website zug\u00e4nglichen Elemente, insbesondere Texte, Bilder, Grafiken, Symbole, T\u00f6ne, Software.<\/span><\/p>\n<p align=\"JUSTIFY\"><span lang=\"fr-FR\">Bildnachweis f\u00fcr die auf der Website verwendeten Bilder: <strong>balance-viv.lu<\/strong>, <\/span><span lang=\"fr-FR\">Bildnachweis hinzuf\u00fcgen, der von Ihnen verwendet wurde<\/span><\/p>\n<p align=\"JUSTIFY\"><span lang=\"fr-FR\">Jede vollst\u00e4ndige oder teilweise Vervielf\u00e4ltigung ist strengstens untersagt und stellt eine F\u00e4lschung dar, die gem\u00e4\u00df Artikel 82 ff. des Gesetzes vom 18. April 2001 \u00fcber Urheberrechte, verwandte Schutzrechte und Datenbanken bestraft wird.<\/span><\/p>\n\t\t\t\t\t\t\t\t<\/div>\n\t\t\t\t<\/div>\n\t\t\t\t<div class=\"elementor-element elementor-element-ed9b6d8 elementor-widget elementor-widget-heading\" data-id=\"ed9b6d8\" data-element_type=\"widget\" data-e-type=\"widget\" data-widget_type=\"heading.default\">\n\t\t\t\t<div class=\"elementor-widget-container\">\n\t\t\t\t\t<h2 class=\"elementor-heading-title elementor-size-default\">Hyperlinks und Cookies<\/h2>\t\t\t\t<\/div>\n\t\t\t\t<\/div>\n\t\t\t\t<div class=\"elementor-element elementor-element-2663a0d elementor-widget elementor-widget-text-editor\" data-id=\"2663a0d\" data-element_type=\"widget\" data-e-type=\"widget\" data-widget_type=\"text-editor.default\">\n\t\t\t\t<div class=\"elementor-widget-container\">\n\t\t\t\t\t\t\t\t\t<p align=\"JUSTIFY\"><span lang=\"fr-FR\">Das Einf\u00fcgen von Hyperlinks zu irgendeinem Teil der Website <strong>balance-viv.lu<\/strong> ist ohne vorherige schriftliche Genehmigung des Herausgebers untersagt.<\/span><\/p>\n<p align=\"JUSTIFY\"><span lang=\"fr-FR\">Hyperlinks auf <strong>balance-viv.lu<\/strong> k\u00f6nnen zu anderen Webseiten oder anderen Internetquellen f\u00fchren. In dem Ma\u00dfe, in dem  <\/span><span lang=\"fr-FR\"><strong>Balance VIV s\u00e0rl-s<\/strong>  kann diese Websites und externen Quellen nicht kontrollieren, ist nicht verantwortlich f\u00fcr die Bereitstellung dieser Websites und externen Quellen und \u00fcbernimmt keine Verantwortung f\u00fcr die Inhalte, Werbung, Produkte, Dienstleistungen oder andere Materialien, die auf oder \u00fcber diese Websites oder externen Quellen verf\u00fcgbar sind.<\/span><\/p>\n<p align=\"JUSTIFY\"><span lang=\"fr-FR\">Dar\u00fcber hinaus,  <\/span><span lang=\"fr-FR\"><strong>Balance VIV s\u00e0rl-s<\/strong> haftet nicht f\u00fcr tats\u00e4chliche oder angebliche Sch\u00e4den, die sich aus oder in Verbindung mit der Nutzung von Inhalten, Waren oder Dienstleistungen auf diesen Websites oder externen Quellen ergeben. Schlie\u00dflich, innerhalb der gesetzlich zul\u00e4ssigen Grenzen,  <\/span><span lang=\"fr-FR\"><strong>Balance VIV s\u00e0rl-s<\/strong> kann nicht haftbar gemacht werden, wenn der Inhalt dieser Websites gegen die geltenden Gesetze und Vorschriften verst\u00f6\u00dft.<\/span><\/p>\n<p align=\"JUSTIFY\"><span lang=\"fr-FR\">Dar\u00fcber hinaus kann das Surfen auf <strong>balance-viv.lu<\/strong> zu folgenden Ereignissen f\u00fchren <\/span><span lang=\"fr-FR\">die Installation von Cookie(s)<\/span><span lang=\"fr-FR\">  auf dem Computer des Nutzers. Ein Cookie ist eine kleine Datei, die den Nutzer nicht identifiziert, aber Informationen \u00fcber die Navigation eines Computers auf einer Website speichert. Die so erhaltenen Daten dienen dazu, die weitere Navigation auf der Website <strong>balance-viv.lu<\/strong> zu erleichtern, und sind auch dazu bestimmt, verschiedene Messungen der Besucherzahlen zu erm\u00f6glichen.<\/span><\/p>\n<p align=\"JUSTIFY\"><span lang=\"fr-FR\">Die Verweigerung der Installation eines Cookies kann dazu f\u00fchren, dass Sie auf bestimmte Dienste nicht zugreifen k\u00f6nnen. Der Nutzer kann jedoch seinen Computer wie folgt konfigurieren, um die Installation von Cookies abzulehnen:<\/span><\/p>\n<ul>\n<li>\n<p align=\"JUSTIFY\"><span lang=\"fr-FR\">Im Internet Explorer: Registerkarte &#8222;Werkzeuge&#8220; \/ &#8222;Internetoptionen&#8220;. Klicken Sie auf Datenschutz und w\u00e4hlen Sie Alle Cookies blockieren.  <\/span>Best\u00e4tigen Sie mit Ok.<\/p>\n<\/li>\n<li>\n<p align=\"JUSTIFY\"><span lang=\"fr-FR\">Firefox: Fenster Einstellungen, Registerkarte Datenschutz: W\u00e4hlen Sie unter &#8222;Regeln f\u00fcr die Speicherung des Verlaufs: Verlauf nie speichern&#8220;.<\/span><\/p>\n<\/li>\n<li>\n<p align=\"JUSTIFY\"><span lang=\"fr-FR\">Safari: Fenster &#8222;Einstellungen&#8220;, Registerkarte &#8222;Sicherheit&#8220;. Aktivieren Sie das K\u00e4stchen &#8222;Cookies akzeptieren: Nie&#8220;.<\/span><\/p>\n<\/li>\n<\/ul>\n\t\t\t\t\t\t\t\t<\/div>\n\t\t\t\t<\/div>\n\t\t\t\t<div class=\"elementor-element elementor-element-87b637e elementor-widget elementor-widget-heading\" data-id=\"87b637e\" data-element_type=\"widget\" data-e-type=\"widget\" data-widget_type=\"heading.default\">\n\t\t\t\t<div class=\"elementor-widget-container\">\n\t\t\t\t\t<h2 class=\"elementor-heading-title elementor-size-default\">Hyperlinks und Cookies<\/h2>\t\t\t\t<\/div>\n\t\t\t\t<\/div>\n\t\t\t\t<div class=\"elementor-element elementor-element-bf6648b elementor-widget elementor-widget-text-editor\" data-id=\"bf6648b\" data-element_type=\"widget\" data-e-type=\"widget\" data-widget_type=\"text-editor.default\">\n\t\t\t\t<div class=\"elementor-widget-container\">\n\t\t\t\t\t\t\t\t\t<p align=\"JUSTIFY\"><span lang=\"fr-FR\">Es wird darauf hingewiesen, dass das Briefgeheimnis im Internet nicht garantiert werden kann und dass es jedem Nutzer obliegt, alle geeigneten Vorsichtsma\u00dfnahmen zu ergreifen, um seine eigenen Daten und\/oder Software vor einer Kontaminierung durch m\u00f6gliche Viren, die im Internet zirkulieren, zu sch\u00fctzen. Der Nutzer der Website best\u00e4tigt, dass er \u00fcber die Kompetenz und die Mittel verf\u00fcgt, die f\u00fcr den Zugang und die Nutzung dieser Website erforderlich sind.<\/span><\/p>\n<p align=\"JUSTIFY\"><span lang=\"fr-FR\">F\u00fcr den Zugriff auf die Website <strong>balance-viv.lu<\/strong> und ihre Nutzung sind folgende Mindestanforderungen erforderlich:<\/span><\/p>\n<ul>\n<li>\n<p align=\"JUSTIFY\"><span lang=\"fr-FR\">PC &#8211; ADSL-Verbindung 128 &#8211; 128 MB RAM &#8211; Intel\u00ae Pentium\u00ae II-Prozessor mit 450 MHz, ADM Athlon\u2122 mit 600 MHz oder schneller (oder gleichwertig)<\/span><\/p>\n<\/li>\n<li>\n<p align=\"JUSTIFY\"><span lang=\"fr-FR\">Mac &#8211; ADSL-Verbindung 128 &#8211; 128 MB RAM &#8211; Power PC\u00ae G3-Prozessor mit 500 MHz oder schneller \/ Intel Core\u2122 Duo-Prozessor mit 1,33 GHz oder schneller<\/span><\/p>\n<\/li>\n<li>\n<p align=\"JUSTIFY\"><span lang=\"fr-FR\">Linux &#8211; ADSL-Verbindung 128 &#8211; 512 MB RAM &#8211; Moderner Prozessor (800 MHz oder schneller)<\/span><\/p>\n<\/li>\n<\/ul>\n<p align=\"JUSTIFY\"><span lang=\"fr-FR\">Vor der Nutzung der Website <strong>balance-viv.lu<\/strong> erkl\u00e4rt der Nutzer, dass er sich vergewissert hat, dass der von ihm verwendete Browser einen sicheren Zugang zur Website erm\u00f6glicht.<\/span><\/p>\n<p align=\"JUSTIFY\"><span lang=\"fr-FR\">Die Website <strong>balance-viv.lu<\/strong> ist 24 Stunden pro Tag und 7 Tage pro Woche zug\u00e4nglich, mit Ausnahme von F\u00e4llen h\u00f6herer Gewalt, technischen und\/oder EDV-Problemen.<\/span><\/p>\n\t\t\t\t\t\t\t\t<\/div>\n\t\t\t\t<\/div>\n\t\t\t\t<div class=\"elementor-element elementor-element-2485732 elementor-widget elementor-widget-heading\" data-id=\"2485732\" data-element_type=\"widget\" data-e-type=\"widget\" data-widget_type=\"heading.default\">\n\t\t\t\t<div class=\"elementor-widget-container\">\n\t\t\t\t\t<h2 class=\"elementor-heading-title elementor-size-default\">Haftungsbeschr\u00e4nkungen<\/h2>\t\t\t\t<\/div>\n\t\t\t\t<\/div>\n\t\t\t\t<div class=\"elementor-element elementor-element-1aa24e2 elementor-widget elementor-widget-text-editor\" data-id=\"1aa24e2\" data-element_type=\"widget\" data-e-type=\"widget\" data-widget_type=\"text-editor.default\">\n\t\t\t\t<div class=\"elementor-widget-container\">\n\t\t\t\t\t\t\t\t\t<p><span lang=\"fr-FR\"><strong>Balance VIV s\u00e0rl-s<\/strong> haftet nicht f\u00fcr direkte und indirekte Sch\u00e4den an der Ausr\u00fcstung des Benutzers beim Zugriff auf <strong>balance-viv.lu<\/strong>, die entweder durch die Verwendung einer Ausr\u00fcstung verursacht werden, die nicht den in den technischen Informationen angegebenen Spezifikationen entspricht, oder durch das Auftreten eines Bugs oder einer Inkompatibilit\u00e4t.<\/span><\/p>\n\t\t\t\t\t\t\t\t<\/div>\n\t\t\t\t<\/div>\n\t\t\t\t<div class=\"elementor-element elementor-element-aed6861 elementor-widget elementor-widget-spacer\" data-id=\"aed6861\" data-element_type=\"widget\" data-e-type=\"widget\" data-widget_type=\"spacer.default\">\n\t\t\t\t<div class=\"elementor-widget-container\">\n\t\t\t\t\t\t\t<div class=\"elementor-spacer\">\n\t\t\t<div class=\"elementor-spacer-inner\"><\/div>\n\t\t<\/div>\n\t\t\t\t\t\t<\/div>\n\t\t\t\t<\/div>\n\t\t\t\t\t<\/div>\n\t\t<\/div>\n\t\t\t\t\t<\/div>\n\t\t<\/section>\n\t\t\t\t<\/div>\n\t\t","protected":false},"excerpt":{"rendered":"<p>Verlagswesen und Hosting Sie sind derzeit mit der Website balance-viv.lu verbunden, die herausgegeben wird von Balance VIV s\u00e0rl-s , eingetragen im Handelsregister NACE-Code: B284861 und Gesellschaften. mit Sitz in 1 Am Lahr L-9155 Grosbous. Direktor der Ver\u00f6ffentlichung : Balance VIV s\u00e0rl-s Redaktion : Balance VIV s\u00e0rl-s Design &amp; Hosting: Markeasy Communication Geistiges Eigentum Balance VIV [&hellip;]<\/p>\n","protected":false},"author":1,"featured_media":0,"parent":0,"menu_order":19,"comment_status":"closed","ping_status":"closed","template":"","meta":{"ocean_post_layout":"","ocean_both_sidebars_style":"","ocean_both_sidebars_content_width":0,"ocean_both_sidebars_sidebars_width":0,"ocean_sidebar":"0","ocean_second_sidebar":"0","ocean_disable_margins":"enable","ocean_add_body_class":"","ocean_shortcode_before_top_bar":"","ocean_shortcode_after_top_bar":"","ocean_shortcode_before_header":"","ocean_shortcode_after_header":"","ocean_has_shortcode":"","ocean_shortcode_after_title":"","ocean_shortcode_before_footer_widgets":"","ocean_shortcode_after_footer_widgets":"","ocean_shortcode_before_footer_bottom":"","ocean_shortcode_after_footer_bottom":"","ocean_display_top_bar":"default","ocean_display_header":"default","ocean_header_style":"","ocean_center_header_left_menu":"0","ocean_custom_header_template":"0","ocean_custom_logo":0,"ocean_custom_retina_logo":0,"ocean_custom_logo_max_width":0,"ocean_custom_logo_tablet_max_width":0,"ocean_custom_logo_mobile_max_width":0,"ocean_custom_logo_max_height":0,"ocean_custom_logo_tablet_max_height":0,"ocean_custom_logo_mobile_max_height":0,"ocean_header_custom_menu":"0","ocean_menu_typo_font_family":"0","ocean_menu_typo_font_subset":"","ocean_menu_typo_font_size":0,"ocean_menu_typo_font_size_tablet":0,"ocean_menu_typo_font_size_mobile":0,"ocean_menu_typo_font_size_unit":"px","ocean_menu_typo_font_weight":"","ocean_menu_typo_font_weight_tablet":"","ocean_menu_typo_font_weight_mobile":"","ocean_menu_typo_transform":"","ocean_menu_typo_transform_tablet":"","ocean_menu_typo_transform_mobile":"","ocean_menu_typo_line_height":0,"ocean_menu_typo_line_height_tablet":0,"ocean_menu_typo_line_height_mobile":0,"ocean_menu_typo_line_height_unit":"","ocean_menu_typo_spacing":0,"ocean_menu_typo_spacing_tablet":0,"ocean_menu_typo_spacing_mobile":0,"ocean_menu_typo_spacing_unit":"","ocean_menu_link_color":"","ocean_menu_link_color_hover":"","ocean_menu_link_color_active":"","ocean_menu_link_background":"","ocean_menu_link_hover_background":"","ocean_menu_link_active_background":"","ocean_menu_social_links_bg":"","ocean_menu_social_hover_links_bg":"","ocean_menu_social_links_color":"","ocean_menu_social_hover_links_color":"","ocean_disable_title":"default","ocean_disable_heading":"default","ocean_post_title":"","ocean_post_subheading":"","ocean_post_title_style":"","ocean_post_title_background_color":"","ocean_post_title_background":0,"ocean_post_title_bg_image_position":"","ocean_post_title_bg_image_attachment":"","ocean_post_title_bg_image_repeat":"","ocean_post_title_bg_image_size":"","ocean_post_title_height":0,"ocean_post_title_bg_overlay":0.5,"ocean_post_title_bg_overlay_color":"","ocean_disable_breadcrumbs":"default","ocean_breadcrumbs_color":"","ocean_breadcrumbs_separator_color":"","ocean_breadcrumbs_links_color":"","ocean_breadcrumbs_links_hover_color":"","ocean_display_footer_widgets":"default","ocean_display_footer_bottom":"default","ocean_custom_footer_template":"0","footnotes":""},"class_list":["post-12144","page","type-page","status-publish","hentry","entry"],"yoast_head":"<!-- This site is optimized with the Yoast SEO plugin v27.4 - https:\/\/yoast.com\/product\/yoast-seo-wordpress\/ -->\n<title>Rechtliche Hinweise - Balance VIV<\/title>\n<meta name=\"robots\" content=\"index, follow, max-snippet:-1, max-image-preview:large, max-video-preview:-1\" \/>\n<link rel=\"canonical\" href=\"https:\/\/balance-viv.lu\/de\/rechtliche-hinweise\/\" \/>\n<meta property=\"og:locale\" content=\"de_DE\" \/>\n<meta property=\"og:type\" content=\"article\" \/>\n<meta property=\"og:title\" content=\"Rechtliche Hinweise - Balance VIV\" \/>\n<meta property=\"og:description\" content=\"Verlagswesen und Hosting Sie sind derzeit mit der Website balance-viv.lu verbunden, die herausgegeben wird von Balance VIV s\u00e0rl-s , eingetragen im Handelsregister NACE-Code: B284861 und Gesellschaften. mit Sitz in 1 Am Lahr L-9155 Grosbous. Direktor der Ver\u00f6ffentlichung : Balance VIV s\u00e0rl-s Redaktion : Balance VIV s\u00e0rl-s Design &amp; Hosting: Markeasy Communication Geistiges Eigentum Balance VIV [&hellip;]\" \/>\n<meta property=\"og:url\" content=\"https:\/\/balance-viv.lu\/de\/rechtliche-hinweise\/\" \/>\n<meta property=\"og:site_name\" content=\"Balance VIV\" \/>\n<meta property=\"article:modified_time\" content=\"2024-06-06T07:59:35+00:00\" \/>\n<meta name=\"twitter:card\" content=\"summary_large_image\" \/>\n<meta name=\"twitter:label1\" content=\"Gesch\u00e4tzte Lesezeit\" \/>\n\t<meta name=\"twitter:data1\" content=\"4\u00a0Minuten\" \/>\n<script type=\"application\/ld+json\" class=\"yoast-schema-graph\">{\"@context\":\"https:\\\/\\\/schema.org\",\"@graph\":[{\"@type\":\"WebPage\",\"@id\":\"https:\\\/\\\/balance-viv.lu\\\/de\\\/rechtliche-hinweise\\\/\",\"url\":\"https:\\\/\\\/balance-viv.lu\\\/de\\\/rechtliche-hinweise\\\/\",\"name\":\"Rechtliche Hinweise - Balance VIV\",\"isPartOf\":{\"@id\":\"https:\\\/\\\/balance-viv.lu\\\/de\\\/#website\"},\"datePublished\":\"2021-10-14T05:51:47+00:00\",\"dateModified\":\"2024-06-06T07:59:35+00:00\",\"breadcrumb\":{\"@id\":\"https:\\\/\\\/balance-viv.lu\\\/de\\\/rechtliche-hinweise\\\/#breadcrumb\"},\"inLanguage\":\"de\",\"potentialAction\":[{\"@type\":\"ReadAction\",\"target\":[\"https:\\\/\\\/balance-viv.lu\\\/de\\\/rechtliche-hinweise\\\/\"]}]},{\"@type\":\"BreadcrumbList\",\"@id\":\"https:\\\/\\\/balance-viv.lu\\\/de\\\/rechtliche-hinweise\\\/#breadcrumb\",\"itemListElement\":[{\"@type\":\"ListItem\",\"position\":1,\"name\":\"Accueil\",\"item\":\"https:\\\/\\\/balance-viv.lu\\\/de\\\/\"},{\"@type\":\"ListItem\",\"position\":2,\"name\":\"Rechtliche Hinweise\"}]},{\"@type\":\"WebSite\",\"@id\":\"https:\\\/\\\/balance-viv.lu\\\/de\\\/#website\",\"url\":\"https:\\\/\\\/balance-viv.lu\\\/de\\\/\",\"name\":\"Balance VIV\",\"description\":\"\u00c9cole de la vie en \u00e9quilibre balance VIV\",\"publisher\":{\"@id\":\"https:\\\/\\\/balance-viv.lu\\\/de\\\/#organization\"},\"potentialAction\":[{\"@type\":\"SearchAction\",\"target\":{\"@type\":\"EntryPoint\",\"urlTemplate\":\"https:\\\/\\\/balance-viv.lu\\\/de\\\/?s={search_term_string}\"},\"query-input\":{\"@type\":\"PropertyValueSpecification\",\"valueRequired\":true,\"valueName\":\"search_term_string\"}}],\"inLanguage\":\"de\"},{\"@type\":\"Organization\",\"@id\":\"https:\\\/\\\/balance-viv.lu\\\/de\\\/#organization\",\"name\":\"Balance VIV\",\"url\":\"https:\\\/\\\/balance-viv.lu\\\/de\\\/\",\"logo\":{\"@type\":\"ImageObject\",\"inLanguage\":\"de\",\"@id\":\"https:\\\/\\\/balance-viv.lu\\\/de\\\/#\\\/schema\\\/logo\\\/image\\\/\",\"url\":\"https:\\\/\\\/balance-viv.lu\\\/wp-content\\\/uploads\\\/2024\\\/05\\\/logo.png\",\"contentUrl\":\"https:\\\/\\\/balance-viv.lu\\\/wp-content\\\/uploads\\\/2024\\\/05\\\/logo.png\",\"width\":900,\"height\":322,\"caption\":\"Balance VIV\"},\"image\":{\"@id\":\"https:\\\/\\\/balance-viv.lu\\\/de\\\/#\\\/schema\\\/logo\\\/image\\\/\"}}]}<\/script>\n<!-- \/ Yoast SEO plugin. -->","yoast_head_json":{"title":"Rechtliche Hinweise - Balance VIV","robots":{"index":"index","follow":"follow","max-snippet":"max-snippet:-1","max-image-preview":"max-image-preview:large","max-video-preview":"max-video-preview:-1"},"canonical":"https:\/\/balance-viv.lu\/de\/rechtliche-hinweise\/","og_locale":"de_DE","og_type":"article","og_title":"Rechtliche Hinweise - Balance VIV","og_description":"Verlagswesen und Hosting Sie sind derzeit mit der Website balance-viv.lu verbunden, die herausgegeben wird von Balance VIV s\u00e0rl-s , eingetragen im Handelsregister NACE-Code: B284861 und Gesellschaften. mit Sitz in 1 Am Lahr L-9155 Grosbous. Direktor der Ver\u00f6ffentlichung : Balance VIV s\u00e0rl-s Redaktion : Balance VIV s\u00e0rl-s Design &amp; Hosting: Markeasy Communication Geistiges Eigentum Balance VIV [&hellip;]","og_url":"https:\/\/balance-viv.lu\/de\/rechtliche-hinweise\/","og_site_name":"Balance VIV","article_modified_time":"2024-06-06T07:59:35+00:00","twitter_card":"summary_large_image","twitter_misc":{"Gesch\u00e4tzte Lesezeit":"4\u00a0Minuten"},"schema":{"@context":"https:\/\/schema.org","@graph":[{"@type":"WebPage","@id":"https:\/\/balance-viv.lu\/de\/rechtliche-hinweise\/","url":"https:\/\/balance-viv.lu\/de\/rechtliche-hinweise\/","name":"Rechtliche Hinweise - Balance VIV","isPartOf":{"@id":"https:\/\/balance-viv.lu\/de\/#website"},"datePublished":"2021-10-14T05:51:47+00:00","dateModified":"2024-06-06T07:59:35+00:00","breadcrumb":{"@id":"https:\/\/balance-viv.lu\/de\/rechtliche-hinweise\/#breadcrumb"},"inLanguage":"de","potentialAction":[{"@type":"ReadAction","target":["https:\/\/balance-viv.lu\/de\/rechtliche-hinweise\/"]}]},{"@type":"BreadcrumbList","@id":"https:\/\/balance-viv.lu\/de\/rechtliche-hinweise\/#breadcrumb","itemListElement":[{"@type":"ListItem","position":1,"name":"Accueil","item":"https:\/\/balance-viv.lu\/de\/"},{"@type":"ListItem","position":2,"name":"Rechtliche Hinweise"}]},{"@type":"WebSite","@id":"https:\/\/balance-viv.lu\/de\/#website","url":"https:\/\/balance-viv.lu\/de\/","name":"Balance VIV","description":"\u00c9cole de la vie en \u00e9quilibre balance VIV","publisher":{"@id":"https:\/\/balance-viv.lu\/de\/#organization"},"potentialAction":[{"@type":"SearchAction","target":{"@type":"EntryPoint","urlTemplate":"https:\/\/balance-viv.lu\/de\/?s={search_term_string}"},"query-input":{"@type":"PropertyValueSpecification","valueRequired":true,"valueName":"search_term_string"}}],"inLanguage":"de"},{"@type":"Organization","@id":"https:\/\/balance-viv.lu\/de\/#organization","name":"Balance VIV","url":"https:\/\/balance-viv.lu\/de\/","logo":{"@type":"ImageObject","inLanguage":"de","@id":"https:\/\/balance-viv.lu\/de\/#\/schema\/logo\/image\/","url":"https:\/\/balance-viv.lu\/wp-content\/uploads\/2024\/05\/logo.png","contentUrl":"https:\/\/balance-viv.lu\/wp-content\/uploads\/2024\/05\/logo.png","width":900,"height":322,"caption":"Balance VIV"},"image":{"@id":"https:\/\/balance-viv.lu\/de\/#\/schema\/logo\/image\/"}}]}},"_links":{"self":[{"href":"https:\/\/balance-viv.lu\/de\/wp-json\/wp\/v2\/pages\/12144","targetHints":{"allow":["GET"]}}],"collection":[{"href":"https:\/\/balance-viv.lu\/de\/wp-json\/wp\/v2\/pages"}],"about":[{"href":"https:\/\/balance-viv.lu\/de\/wp-json\/wp\/v2\/types\/page"}],"author":[{"embeddable":true,"href":"https:\/\/balance-viv.lu\/de\/wp-json\/wp\/v2\/users\/1"}],"replies":[{"embeddable":true,"href":"https:\/\/balance-viv.lu\/de\/wp-json\/wp\/v2\/comments?post=12144"}],"version-history":[{"count":2,"href":"https:\/\/balance-viv.lu\/de\/wp-json\/wp\/v2\/pages\/12144\/revisions"}],"predecessor-version":[{"id":12150,"href":"https:\/\/balance-viv.lu\/de\/wp-json\/wp\/v2\/pages\/12144\/revisions\/12150"}],"wp:attachment":[{"href":"https:\/\/balance-viv.lu\/de\/wp-json\/wp\/v2\/media?parent=12144"}],"curies":[{"name":"wp","href":"https:\/\/api.w.org\/{rel}","templated":true}]}}