{"id":12145,"date":"2016-09-22T11:05:09","date_gmt":"2016-09-22T09:05:09","guid":{"rendered":"https:\/\/balance-viv.lu\/kontakt\/"},"modified":"2024-06-06T10:30:27","modified_gmt":"2024-06-06T08:30:27","slug":"kontakt","status":"publish","type":"page","link":"https:\/\/balance-viv.lu\/de\/kontakt\/","title":{"rendered":"Kontakt"},"content":{"rendered":"\t\t<div data-elementor-type=\"wp-page\" data-elementor-id=\"12145\" class=\"elementor elementor-12145 elementor-646\" data-elementor-post-type=\"page\">\n\t\t\t\t<div class=\"elementor-element elementor-element-150ac39 e-flex e-con-boxed e-con e-parent\" data-id=\"150ac39\" data-element_type=\"container\" data-e-type=\"container\" data-settings=\"{&quot;background_background&quot;:&quot;classic&quot;,&quot;position&quot;:&quot;absolute&quot;}\">\n\t\t\t\t\t<div class=\"e-con-inner\">\n\t\t\t\t\t<\/div>\n\t\t\t\t<\/div>\n\t\t\t\t<section class=\"elementor-section elementor-top-section elementor-element elementor-element-fa0ff4c elementor-section-boxed elementor-section-height-default elementor-section-height-default\" data-id=\"fa0ff4c\" data-element_type=\"section\" data-e-type=\"section\">\n\t\t\t\t\t\t\t<div class=\"elementor-background-overlay\"><\/div>\n\t\t\t\t\t\t\t<div class=\"elementor-container elementor-column-gap-default\">\n\t\t\t\t\t<div class=\"elementor-column elementor-col-100 elementor-top-column elementor-element elementor-element-eeca0ac\" data-id=\"eeca0ac\" data-element_type=\"column\" data-e-type=\"column\" data-settings=\"{&quot;background_background&quot;:&quot;classic&quot;}\">\n\t\t\t<div class=\"elementor-widget-wrap elementor-element-populated\">\n\t\t\t\t\t<div class=\"elementor-background-overlay\"><\/div>\n\t\t\t\t\t\t<div class=\"elementor-element elementor-element-02781ad animated-slow elementor-invisible elementor-widget elementor-widget-image\" data-id=\"02781ad\" data-element_type=\"widget\" data-e-type=\"widget\" data-settings=\"{&quot;_animation&quot;:&quot;fadeInUp&quot;,&quot;_animation_delay&quot;:500}\" data-widget_type=\"image.default\">\n\t\t\t\t<div class=\"elementor-widget-container\">\n\t\t\t\t\t\t\t\t\t\t\t\t\t\t\t<img fetchpriority=\"high\" decoding=\"async\" width=\"500\" height=\"500\" src=\"https:\/\/balance-viv.lu\/wp-content\/uploads\/2024\/05\/icon-balance-viv.png\" class=\"attachment-full size-full wp-image-12109\" alt=\"\" srcset=\"https:\/\/balance-viv.lu\/wp-content\/uploads\/2024\/05\/icon-balance-viv.png 500w, https:\/\/balance-viv.lu\/wp-content\/uploads\/2024\/05\/icon-balance-viv-300x300.png 300w, https:\/\/balance-viv.lu\/wp-content\/uploads\/2024\/05\/icon-balance-viv-150x150.png 150w\" sizes=\"(max-width: 500px) 100vw, 500px\" \/>\t\t\t\t\t\t\t\t\t\t\t\t\t\t\t<\/div>\n\t\t\t\t<\/div>\n\t\t<div class=\"elementor-element elementor-element-4f18465 e-flex e-con-boxed e-con e-parent\" data-id=\"4f18465\" data-element_type=\"container\" data-e-type=\"container\">\n\t\t\t\t\t<div class=\"e-con-inner\">\n\t\t\t\t<div class=\"elementor-element elementor-element-86fd163 elementor-widget__width-auto animated-slow elementor-invisible elementor-widget elementor-widget-heading\" data-id=\"86fd163\" data-element_type=\"widget\" data-e-type=\"widget\" data-settings=\"{&quot;_animation&quot;:&quot;fadeInUp&quot;,&quot;_animation_delay&quot;:800}\" data-widget_type=\"heading.default\">\n\t\t\t\t<div class=\"elementor-widget-container\">\n\t\t\t\t\t<h2 class=\"elementor-heading-title elementor-size-default\">Kontakt<\/h2>\t\t\t\t<\/div>\n\t\t\t\t<\/div>\n\t\t\t\t\t<\/div>\n\t\t\t\t<\/div>\n\t\t\t\t<div class=\"elementor-element elementor-element-1d8072d animated-slow elementor-widget-divider--view-line elementor-invisible elementor-widget elementor-widget-divider\" data-id=\"1d8072d\" data-element_type=\"widget\" data-e-type=\"widget\" data-settings=\"{&quot;_animation&quot;:&quot;fadeInUp&quot;,&quot;_animation_delay&quot;:800}\" data-widget_type=\"divider.default\">\n\t\t\t\t<div class=\"elementor-widget-container\">\n\t\t\t\t\t\t\t<div class=\"elementor-divider\">\n\t\t\t<span class=\"elementor-divider-separator\">\n\t\t\t\t\t\t<\/span>\n\t\t<\/div>\n\t\t\t\t\t\t<\/div>\n\t\t\t\t<\/div>\n\t\t\t\t<section class=\"elementor-section elementor-inner-section elementor-element elementor-element-a6d1587 elementor-section-boxed elementor-section-height-default elementor-section-height-default\" data-id=\"a6d1587\" data-element_type=\"section\" data-e-type=\"section\">\n\t\t\t\t\t\t<div class=\"elementor-container elementor-column-gap-default\">\n\t\t\t\t\t<div class=\"elementor-column elementor-col-100 elementor-inner-column elementor-element elementor-element-01b2751 animated-slow elementor-invisible\" data-id=\"01b2751\" data-element_type=\"column\" data-e-type=\"column\" data-settings=\"{&quot;animation&quot;:&quot;fadeInUp&quot;,&quot;animation_delay&quot;:1200}\">\n\t\t\t<div class=\"elementor-widget-wrap elementor-element-populated\">\n\t\t\t\t\t\t<div class=\"elementor-element elementor-element-79a7097 animated-slow elementor-invisible elementor-widget elementor-widget-heading\" data-id=\"79a7097\" data-element_type=\"widget\" data-e-type=\"widget\" data-settings=\"{&quot;_animation&quot;:&quot;fadeInUp&quot;,&quot;_animation_delay&quot;:600}\" data-widget_type=\"heading.default\">\n\t\t\t\t<div class=\"elementor-widget-container\">\n\t\t\t\t\t<h2 class=\"elementor-heading-title elementor-size-default\">\"Balance VIV s\u00e0rl-s\"<\/h2>\t\t\t\t<\/div>\n\t\t\t\t<\/div>\n\t\t<div class=\"elementor-element elementor-element-394ac59 e-flex e-con-boxed e-con e-parent\" data-id=\"394ac59\" data-element_type=\"container\" data-e-type=\"container\">\n\t\t\t\t\t<div class=\"e-con-inner\">\n\t\t\t\t<div class=\"elementor-element elementor-element-1926522 animated-slow elementor-widget__width-auto elementor-invisible elementor-widget elementor-widget-heading\" data-id=\"1926522\" data-element_type=\"widget\" data-e-type=\"widget\" data-settings=\"{&quot;_animation&quot;:&quot;fadeInUp&quot;,&quot;_animation_delay&quot;:800}\" data-widget_type=\"heading.default\">\n\t\t\t\t<div class=\"elementor-widget-container\">\n\t\t\t\t\t<h2 class=\"elementor-heading-title elementor-size-default\">Schule des Lebens f\u00fcr ganzheitliche Lebens- und Heilweisen<\/h2>\t\t\t\t<\/div>\n\t\t\t\t<\/div>\n\t\t\t\t\t<\/div>\n\t\t\t\t<\/div>\n\t\t\t\t<div class=\"elementor-element elementor-element-dd1ab00 elementor-widget elementor-widget-text-editor\" data-id=\"dd1ab00\" data-element_type=\"widget\" data-e-type=\"widget\" data-widget_type=\"text-editor.default\">\n\t\t\t\t<div class=\"elementor-widget-container\">\n\t\t\t\t\t\t\t\t\t<p>Kinder lernen viel in der Schule &#8211; aber wenig \u00fcber das Leben selbst.<\/p><p>Leben ist zwangsl\u00e4ufig verbunden mit Stress, Konflikten und \u00c4ngsten aber auch mit Ruhe, Gl\u00fcck und Vertrauen. Wenn Du auf deine eigenen<br \/>Ressourcen zur\u00fcck greifen kannst, sind deine M\u00f6glichkeiten unbegrenzt.<\/p><p><strong><em>Du f\u00fchlst dich angesprochen? <\/em><\/strong><br \/><em><strong>Dann vereinbare ein Beratungsgespr\u00e4ch mit mir.<\/strong><\/em><\/p>\t\t\t\t\t\t\t\t<\/div>\n\t\t\t\t<\/div>\n\t\t\t\t<div class=\"elementor-element elementor-element-0a155f9 elementor-align-center elementor-icon-list--layout-traditional elementor-list-item-link-full_width elementor-widget elementor-widget-icon-list\" data-id=\"0a155f9\" data-element_type=\"widget\" data-e-type=\"widget\" data-widget_type=\"icon-list.default\">\n\t\t\t\t<div class=\"elementor-widget-container\">\n\t\t\t\t\t\t\t<ul class=\"elementor-icon-list-items\">\n\t\t\t\t\t\t\t<li class=\"elementor-icon-list-item\">\n\t\t\t\t\t\t\t\t\t\t\t<a href=\"tel:+352621162460\">\n\n\t\t\t\t\t\t\t\t\t\t\t\t<span class=\"elementor-icon-list-icon\">\n\t\t\t\t\t\t\t<svg aria-hidden=\"true\" class=\"e-font-icon-svg e-fas-mobile-alt\" viewBox=\"0 0 320 512\" xmlns=\"http:\/\/www.w3.org\/2000\/svg\"><path d=\"M272 0H48C21.5 0 0 21.5 0 48v416c0 26.5 21.5 48 48 48h224c26.5 0 48-21.5 48-48V48c0-26.5-21.5-48-48-48zM160 480c-17.7 0-32-14.3-32-32s14.3-32 32-32 32 14.3 32 32-14.3 32-32 32zm112-108c0 6.6-5.4 12-12 12H60c-6.6 0-12-5.4-12-12V60c0-6.6 5.4-12 12-12h200c6.6 0 12 5.4 12 12v312z\"><\/path><\/svg>\t\t\t\t\t\t<\/span>\n\t\t\t\t\t\t\t\t\t\t<span class=\"elementor-icon-list-text\">+352 621 162 460<\/span>\n\t\t\t\t\t\t\t\t\t\t\t<\/a>\n\t\t\t\t\t\t\t\t\t<\/li>\n\t\t\t\t\t\t\t\t<li class=\"elementor-icon-list-item\">\n\t\t\t\t\t\t\t\t\t\t\t<a href=\"mailto:info@balance-viv.lu\">\n\n\t\t\t\t\t\t\t\t\t\t\t\t<span class=\"elementor-icon-list-icon\">\n\t\t\t\t\t\t\t<svg aria-hidden=\"true\" class=\"e-font-icon-svg e-fas-envelope\" viewBox=\"0 0 512 512\" xmlns=\"http:\/\/www.w3.org\/2000\/svg\"><path d=\"M502.3 190.8c3.9-3.1 9.7-.2 9.7 4.7V400c0 26.5-21.5 48-48 48H48c-26.5 0-48-21.5-48-48V195.6c0-5 5.7-7.8 9.7-4.7 22.4 17.4 52.1 39.5 154.1 113.6 21.1 15.4 56.7 47.8 92.2 47.6 35.7.3 72-32.8 92.3-47.6 102-74.1 131.6-96.3 154-113.7zM256 320c23.2.4 56.6-29.2 73.4-41.4 132.7-96.3 142.8-104.7 173.4-128.7 5.8-4.5 9.2-11.5 9.2-18.9v-19c0-26.5-21.5-48-48-48H48C21.5 64 0 85.5 0 112v19c0 7.4 3.4 14.3 9.2 18.9 30.6 23.9 40.7 32.4 173.4 128.7 16.8 12.2 50.2 41.8 73.4 41.4z\"><\/path><\/svg>\t\t\t\t\t\t<\/span>\n\t\t\t\t\t\t\t\t\t\t<span class=\"elementor-icon-list-text\">info(@)balance-viv.lu<\/span>\n\t\t\t\t\t\t\t\t\t\t\t<\/a>\n\t\t\t\t\t\t\t\t\t<\/li>\n\t\t\t\t\t\t<\/ul>\n\t\t\t\t\t\t<\/div>\n\t\t\t\t<\/div>\n\t\t\t\t<div class=\"elementor-element elementor-element-ad44079 elementor-align-left reservation_mobile elementor-widget elementor-widget-button\" data-id=\"ad44079\" data-element_type=\"widget\" data-e-type=\"widget\" data-widget_type=\"button.default\">\n\t\t\t\t<div class=\"elementor-widget-container\">\n\t\t\t\t\t\t\t\t\t<div class=\"elementor-button-wrapper\">\n\t\t\t\t\t<a class=\"elementor-button elementor-button-link elementor-size-xs\" href=\"tel:+352621506106\">\n\t\t\t\t\t\t<span class=\"elementor-button-content-wrapper\">\n\t\t\t\t\t\t<span class=\"elementor-button-icon\">\n\t\t\t\t<svg aria-hidden=\"true\" class=\"e-font-icon-svg e-fas-phone-alt\" viewBox=\"0 0 512 512\" xmlns=\"http:\/\/www.w3.org\/2000\/svg\"><path d=\"M497.39 361.8l-112-48a24 24 0 0 0-28 6.9l-49.6 60.6A370.66 370.66 0 0 1 130.6 204.11l60.6-49.6a23.94 23.94 0 0 0 6.9-28l-48-112A24.16 24.16 0 0 0 122.6.61l-104 24A24 24 0 0 0 0 48c0 256.5 207.9 464 464 464a24 24 0 0 0 23.4-18.6l24-104a24.29 24.29 0 0 0-14.01-27.6z\"><\/path><\/svg>\t\t\t<\/span>\n\t\t\t\t\t\t\t\t\t<span class=\"elementor-button-text\">Termin vereinbaren<\/span>\n\t\t\t\t\t<\/span>\n\t\t\t\t\t<\/a>\n\t\t\t\t<\/div>\n\t\t\t\t\t\t\t\t<\/div>\n\t\t\t\t<\/div>\n\t\t\t\t\t<\/div>\n\t\t<\/div>\n\t\t\t\t\t<\/div>\n\t\t<\/section>\n\t\t\t\t\t<\/div>\n\t\t<\/div>\n\t\t\t\t\t<\/div>\n\t\t<\/section>\n\t\t\t\t<\/div>\n\t\t","protected":false},"excerpt":{"rendered":"<p>Kontakt &#8222;Balance VIV s\u00e0rl-s&#8220; Schule des Lebens f\u00fcr ganzheitliche Lebens- und Heilweisen Kinder lernen viel in der Schule &#8211; aber wenig \u00fcber das Leben selbst. Leben ist zwangsl\u00e4ufig verbunden mit Stress, Konflikten und \u00c4ngsten aber auch mit Ruhe, Gl\u00fcck und Vertrauen. Wenn Du auf deine eigenenRessourcen zur\u00fcck greifen kannst, sind deine M\u00f6glichkeiten unbegrenzt. Du f\u00fchlst [&hellip;]<\/p>\n","protected":false},"author":1,"featured_media":0,"parent":0,"menu_order":18,"comment_status":"closed","ping_status":"closed","template":"","meta":{"ocean_post_layout":"full-screen","ocean_both_sidebars_style":"","ocean_both_sidebars_content_width":0,"ocean_both_sidebars_sidebars_width":0,"ocean_sidebar":"0","ocean_second_sidebar":"0","ocean_disable_margins":"on","ocean_add_body_class":"","ocean_shortcode_before_top_bar":"","ocean_shortcode_after_top_bar":"","ocean_shortcode_before_header":"","ocean_shortcode_after_header":"","ocean_has_shortcode":"","ocean_shortcode_after_title":"","ocean_shortcode_before_footer_widgets":"","ocean_shortcode_after_footer_widgets":"","ocean_shortcode_before_footer_bottom":"","ocean_shortcode_after_footer_bottom":"","ocean_display_top_bar":"default","ocean_display_header":"default","ocean_header_style":"","ocean_center_header_left_menu":"0","ocean_custom_header_template":"0","ocean_custom_logo":0,"ocean_custom_retina_logo":0,"ocean_custom_logo_max_width":0,"ocean_custom_logo_tablet_max_width":0,"ocean_custom_logo_mobile_max_width":0,"ocean_custom_logo_max_height":0,"ocean_custom_logo_tablet_max_height":0,"ocean_custom_logo_mobile_max_height":0,"ocean_header_custom_menu":"0","ocean_menu_typo_font_family":"0","ocean_menu_typo_font_subset":"","ocean_menu_typo_font_size":0,"ocean_menu_typo_font_size_tablet":0,"ocean_menu_typo_font_size_mobile":0,"ocean_menu_typo_font_size_unit":"px","ocean_menu_typo_font_weight":"","ocean_menu_typo_font_weight_tablet":"","ocean_menu_typo_font_weight_mobile":"","ocean_menu_typo_transform":"","ocean_menu_typo_transform_tablet":"","ocean_menu_typo_transform_mobile":"","ocean_menu_typo_line_height":0,"ocean_menu_typo_line_height_tablet":0,"ocean_menu_typo_line_height_mobile":0,"ocean_menu_typo_line_height_unit":"","ocean_menu_typo_spacing":0,"ocean_menu_typo_spacing_tablet":0,"ocean_menu_typo_spacing_mobile":0,"ocean_menu_typo_spacing_unit":"","ocean_menu_link_color":"","ocean_menu_link_color_hover":"","ocean_menu_link_color_active":"","ocean_menu_link_background":"","ocean_menu_link_hover_background":"","ocean_menu_link_active_background":"","ocean_menu_social_links_bg":"","ocean_menu_social_hover_links_bg":"","ocean_menu_social_links_color":"","ocean_menu_social_hover_links_color":"","ocean_disable_title":"default","ocean_disable_heading":"default","ocean_post_title":"","ocean_post_subheading":"","ocean_post_title_style":"","ocean_post_title_background_color":"","ocean_post_title_background":0,"ocean_post_title_bg_image_position":"","ocean_post_title_bg_image_attachment":"","ocean_post_title_bg_image_repeat":"","ocean_post_title_bg_image_size":"","ocean_post_title_height":0,"ocean_post_title_bg_overlay":0.5,"ocean_post_title_bg_overlay_color":"","ocean_disable_breadcrumbs":"default","ocean_breadcrumbs_color":"","ocean_breadcrumbs_separator_color":"","ocean_breadcrumbs_links_color":"","ocean_breadcrumbs_links_hover_color":"","ocean_display_footer_widgets":"on","ocean_display_footer_bottom":"on","ocean_custom_footer_template":"0","footnotes":""},"class_list":["post-12145","page","type-page","status-publish","hentry","entry"],"yoast_head":"<!-- This site is optimized with the Yoast SEO plugin v27.4 - https:\/\/yoast.com\/product\/yoast-seo-wordpress\/ -->\n<title>Kontakt - Balance VIV<\/title>\n<meta name=\"robots\" content=\"index, follow, max-snippet:-1, max-image-preview:large, max-video-preview:-1\" \/>\n<link rel=\"canonical\" href=\"https:\/\/balance-viv.lu\/de\/kontakt\/\" \/>\n<meta property=\"og:locale\" content=\"de_DE\" \/>\n<meta property=\"og:type\" content=\"article\" \/>\n<meta property=\"og:title\" content=\"Kontakt - Balance VIV\" \/>\n<meta property=\"og:description\" content=\"Kontakt &#8222;Balance VIV s\u00e0rl-s&#8220; Schule des Lebens f\u00fcr ganzheitliche Lebens- und Heilweisen Kinder lernen viel in der Schule &#8211; aber wenig \u00fcber das Leben selbst. Leben ist zwangsl\u00e4ufig verbunden mit Stress, Konflikten und \u00c4ngsten aber auch mit Ruhe, Gl\u00fcck und Vertrauen. Wenn Du auf deine eigenenRessourcen zur\u00fcck greifen kannst, sind deine M\u00f6glichkeiten unbegrenzt. Du f\u00fchlst [&hellip;]\" \/>\n<meta property=\"og:url\" content=\"https:\/\/balance-viv.lu\/de\/kontakt\/\" \/>\n<meta property=\"og:site_name\" content=\"Balance VIV\" \/>\n<meta property=\"article:modified_time\" content=\"2024-06-06T08:30:27+00:00\" \/>\n<meta property=\"og:image\" content=\"https:\/\/balance-viv.lu\/wp-content\/uploads\/2024\/05\/icon-balance-viv.png\" \/>\n<meta name=\"twitter:card\" content=\"summary_large_image\" \/>\n<meta name=\"twitter:label1\" content=\"Gesch\u00e4tzte Lesezeit\" \/>\n\t<meta name=\"twitter:data1\" content=\"1\u00a0Minute\" \/>\n<script type=\"application\/ld+json\" class=\"yoast-schema-graph\">{\"@context\":\"https:\\\/\\\/schema.org\",\"@graph\":[{\"@type\":\"WebPage\",\"@id\":\"https:\\\/\\\/balance-viv.lu\\\/de\\\/kontakt\\\/\",\"url\":\"https:\\\/\\\/balance-viv.lu\\\/de\\\/kontakt\\\/\",\"name\":\"Kontakt - Balance VIV\",\"isPartOf\":{\"@id\":\"https:\\\/\\\/balance-viv.lu\\\/de\\\/#website\"},\"primaryImageOfPage\":{\"@id\":\"https:\\\/\\\/balance-viv.lu\\\/de\\\/kontakt\\\/#primaryimage\"},\"image\":{\"@id\":\"https:\\\/\\\/balance-viv.lu\\\/de\\\/kontakt\\\/#primaryimage\"},\"thumbnailUrl\":\"https:\\\/\\\/balance-viv.lu\\\/wp-content\\\/uploads\\\/2024\\\/05\\\/icon-balance-viv.png\",\"datePublished\":\"2016-09-22T09:05:09+00:00\",\"dateModified\":\"2024-06-06T08:30:27+00:00\",\"breadcrumb\":{\"@id\":\"https:\\\/\\\/balance-viv.lu\\\/de\\\/kontakt\\\/#breadcrumb\"},\"inLanguage\":\"de\",\"potentialAction\":[{\"@type\":\"ReadAction\",\"target\":[\"https:\\\/\\\/balance-viv.lu\\\/de\\\/kontakt\\\/\"]}]},{\"@type\":\"ImageObject\",\"inLanguage\":\"de\",\"@id\":\"https:\\\/\\\/balance-viv.lu\\\/de\\\/kontakt\\\/#primaryimage\",\"url\":\"https:\\\/\\\/balance-viv.lu\\\/wp-content\\\/uploads\\\/2024\\\/05\\\/icon-balance-viv.png\",\"contentUrl\":\"https:\\\/\\\/balance-viv.lu\\\/wp-content\\\/uploads\\\/2024\\\/05\\\/icon-balance-viv.png\"},{\"@type\":\"BreadcrumbList\",\"@id\":\"https:\\\/\\\/balance-viv.lu\\\/de\\\/kontakt\\\/#breadcrumb\",\"itemListElement\":[{\"@type\":\"ListItem\",\"position\":1,\"name\":\"Accueil\",\"item\":\"https:\\\/\\\/balance-viv.lu\\\/de\\\/\"},{\"@type\":\"ListItem\",\"position\":2,\"name\":\"Kontakt\"}]},{\"@type\":\"WebSite\",\"@id\":\"https:\\\/\\\/balance-viv.lu\\\/de\\\/#website\",\"url\":\"https:\\\/\\\/balance-viv.lu\\\/de\\\/\",\"name\":\"Balance VIV\",\"description\":\"\u00c9cole de la vie en \u00e9quilibre balance VIV\",\"publisher\":{\"@id\":\"https:\\\/\\\/balance-viv.lu\\\/de\\\/#organization\"},\"potentialAction\":[{\"@type\":\"SearchAction\",\"target\":{\"@type\":\"EntryPoint\",\"urlTemplate\":\"https:\\\/\\\/balance-viv.lu\\\/de\\\/?s={search_term_string}\"},\"query-input\":{\"@type\":\"PropertyValueSpecification\",\"valueRequired\":true,\"valueName\":\"search_term_string\"}}],\"inLanguage\":\"de\"},{\"@type\":\"Organization\",\"@id\":\"https:\\\/\\\/balance-viv.lu\\\/de\\\/#organization\",\"name\":\"Balance VIV\",\"url\":\"https:\\\/\\\/balance-viv.lu\\\/de\\\/\",\"logo\":{\"@type\":\"ImageObject\",\"inLanguage\":\"de\",\"@id\":\"https:\\\/\\\/balance-viv.lu\\\/de\\\/#\\\/schema\\\/logo\\\/image\\\/\",\"url\":\"https:\\\/\\\/balance-viv.lu\\\/wp-content\\\/uploads\\\/2024\\\/05\\\/logo.png\",\"contentUrl\":\"https:\\\/\\\/balance-viv.lu\\\/wp-content\\\/uploads\\\/2024\\\/05\\\/logo.png\",\"width\":900,\"height\":322,\"caption\":\"Balance VIV\"},\"image\":{\"@id\":\"https:\\\/\\\/balance-viv.lu\\\/de\\\/#\\\/schema\\\/logo\\\/image\\\/\"}}]}<\/script>\n<!-- \/ Yoast SEO plugin. -->","yoast_head_json":{"title":"Kontakt - Balance VIV","robots":{"index":"index","follow":"follow","max-snippet":"max-snippet:-1","max-image-preview":"max-image-preview:large","max-video-preview":"max-video-preview:-1"},"canonical":"https:\/\/balance-viv.lu\/de\/kontakt\/","og_locale":"de_DE","og_type":"article","og_title":"Kontakt - Balance VIV","og_description":"Kontakt &#8222;Balance VIV s\u00e0rl-s&#8220; Schule des Lebens f\u00fcr ganzheitliche Lebens- und Heilweisen Kinder lernen viel in der Schule &#8211; aber wenig \u00fcber das Leben selbst. Leben ist zwangsl\u00e4ufig verbunden mit Stress, Konflikten und \u00c4ngsten aber auch mit Ruhe, Gl\u00fcck und Vertrauen. Wenn Du auf deine eigenenRessourcen zur\u00fcck greifen kannst, sind deine M\u00f6glichkeiten unbegrenzt. Du f\u00fchlst [&hellip;]","og_url":"https:\/\/balance-viv.lu\/de\/kontakt\/","og_site_name":"Balance VIV","article_modified_time":"2024-06-06T08:30:27+00:00","og_image":[{"url":"https:\/\/balance-viv.lu\/wp-content\/uploads\/2024\/05\/icon-balance-viv.png","type":"","width":"","height":""}],"twitter_card":"summary_large_image","twitter_misc":{"Gesch\u00e4tzte Lesezeit":"1\u00a0Minute"},"schema":{"@context":"https:\/\/schema.org","@graph":[{"@type":"WebPage","@id":"https:\/\/balance-viv.lu\/de\/kontakt\/","url":"https:\/\/balance-viv.lu\/de\/kontakt\/","name":"Kontakt - Balance VIV","isPartOf":{"@id":"https:\/\/balance-viv.lu\/de\/#website"},"primaryImageOfPage":{"@id":"https:\/\/balance-viv.lu\/de\/kontakt\/#primaryimage"},"image":{"@id":"https:\/\/balance-viv.lu\/de\/kontakt\/#primaryimage"},"thumbnailUrl":"https:\/\/balance-viv.lu\/wp-content\/uploads\/2024\/05\/icon-balance-viv.png","datePublished":"2016-09-22T09:05:09+00:00","dateModified":"2024-06-06T08:30:27+00:00","breadcrumb":{"@id":"https:\/\/balance-viv.lu\/de\/kontakt\/#breadcrumb"},"inLanguage":"de","potentialAction":[{"@type":"ReadAction","target":["https:\/\/balance-viv.lu\/de\/kontakt\/"]}]},{"@type":"ImageObject","inLanguage":"de","@id":"https:\/\/balance-viv.lu\/de\/kontakt\/#primaryimage","url":"https:\/\/balance-viv.lu\/wp-content\/uploads\/2024\/05\/icon-balance-viv.png","contentUrl":"https:\/\/balance-viv.lu\/wp-content\/uploads\/2024\/05\/icon-balance-viv.png"},{"@type":"BreadcrumbList","@id":"https:\/\/balance-viv.lu\/de\/kontakt\/#breadcrumb","itemListElement":[{"@type":"ListItem","position":1,"name":"Accueil","item":"https:\/\/balance-viv.lu\/de\/"},{"@type":"ListItem","position":2,"name":"Kontakt"}]},{"@type":"WebSite","@id":"https:\/\/balance-viv.lu\/de\/#website","url":"https:\/\/balance-viv.lu\/de\/","name":"Balance VIV","description":"\u00c9cole de la vie en \u00e9quilibre balance VIV","publisher":{"@id":"https:\/\/balance-viv.lu\/de\/#organization"},"potentialAction":[{"@type":"SearchAction","target":{"@type":"EntryPoint","urlTemplate":"https:\/\/balance-viv.lu\/de\/?s={search_term_string}"},"query-input":{"@type":"PropertyValueSpecification","valueRequired":true,"valueName":"search_term_string"}}],"inLanguage":"de"},{"@type":"Organization","@id":"https:\/\/balance-viv.lu\/de\/#organization","name":"Balance VIV","url":"https:\/\/balance-viv.lu\/de\/","logo":{"@type":"ImageObject","inLanguage":"de","@id":"https:\/\/balance-viv.lu\/de\/#\/schema\/logo\/image\/","url":"https:\/\/balance-viv.lu\/wp-content\/uploads\/2024\/05\/logo.png","contentUrl":"https:\/\/balance-viv.lu\/wp-content\/uploads\/2024\/05\/logo.png","width":900,"height":322,"caption":"Balance VIV"},"image":{"@id":"https:\/\/balance-viv.lu\/de\/#\/schema\/logo\/image\/"}}]}},"_links":{"self":[{"href":"https:\/\/balance-viv.lu\/de\/wp-json\/wp\/v2\/pages\/12145","targetHints":{"allow":["GET"]}}],"collection":[{"href":"https:\/\/balance-viv.lu\/de\/wp-json\/wp\/v2\/pages"}],"about":[{"href":"https:\/\/balance-viv.lu\/de\/wp-json\/wp\/v2\/types\/page"}],"author":[{"embeddable":true,"href":"https:\/\/balance-viv.lu\/de\/wp-json\/wp\/v2\/users\/1"}],"replies":[{"embeddable":true,"href":"https:\/\/balance-viv.lu\/de\/wp-json\/wp\/v2\/comments?post=12145"}],"version-history":[{"count":5,"href":"https:\/\/balance-viv.lu\/de\/wp-json\/wp\/v2\/pages\/12145\/revisions"}],"predecessor-version":[{"id":12350,"href":"https:\/\/balance-viv.lu\/de\/wp-json\/wp\/v2\/pages\/12145\/revisions\/12350"}],"wp:attachment":[{"href":"https:\/\/balance-viv.lu\/de\/wp-json\/wp\/v2\/media?parent=12145"}],"curies":[{"name":"wp","href":"https:\/\/api.w.org\/{rel}","templated":true}]}}