{"id":12148,"date":"2022-10-18T07:48:03","date_gmt":"2022-10-18T05:48:03","guid":{"rendered":"https:\/\/balance-viv.lu\/links\/"},"modified":"2024-06-06T09:59:50","modified_gmt":"2024-06-06T07:59:50","slug":"links","status":"publish","type":"page","link":"https:\/\/balance-viv.lu\/de\/links\/","title":{"rendered":"Links"},"content":{"rendered":"\t\t<div data-elementor-type=\"wp-page\" data-elementor-id=\"12148\" class=\"elementor elementor-12148 elementor-85\" data-elementor-post-type=\"page\">\n\t\t\t\t<div class=\"elementor-element elementor-element-b5a9f3b e-flex e-con-boxed e-con e-child\" data-id=\"b5a9f3b\" data-element_type=\"container\" data-e-type=\"container\" data-settings=\"{&quot;background_background&quot;:&quot;classic&quot;,&quot;position&quot;:&quot;absolute&quot;}\">\n\t\t\t\t\t<div class=\"e-con-inner\">\n\t\t\t\t\t<\/div>\n\t\t\t\t<\/div>\n\t\t\t\t<section class=\"elementor-section elementor-top-section elementor-element elementor-element-add90d7 elementor-section-stretched elementor-section-full_width elementor-section-height-default elementor-section-height-default\" data-id=\"add90d7\" data-element_type=\"section\" data-e-type=\"section\" data-settings=\"{&quot;stretch_section&quot;:&quot;section-stretched&quot;}\">\n\t\t\t\t\t\t\t<div class=\"elementor-background-overlay\"><\/div>\n\t\t\t\t\t\t\t<div class=\"elementor-container elementor-column-gap-no\">\n\t\t\t\t\t<div class=\"elementor-column elementor-col-100 elementor-top-column elementor-element elementor-element-c9a1f20\" data-id=\"c9a1f20\" data-element_type=\"column\" data-e-type=\"column\">\n\t\t\t<div class=\"elementor-widget-wrap elementor-element-populated\">\n\t\t\t\t<div class=\"elementor-element elementor-element-9032695 e-flex e-con-boxed e-con e-parent\" data-id=\"9032695\" data-element_type=\"container\" data-e-type=\"container\" data-settings=\"{&quot;background_background&quot;:&quot;classic&quot;}\">\n\t\t\t\t\t<div class=\"e-con-inner\">\n\t\t\t\t<div class=\"elementor-element elementor-element-c3c7ff2 animated-slow elementor-widget__width-auto elementor-invisible elementor-widget elementor-widget-heading\" data-id=\"c3c7ff2\" data-element_type=\"widget\" data-e-type=\"widget\" data-settings=\"{&quot;_animation&quot;:&quot;fadeInUp&quot;,&quot;_animation_delay&quot;:300}\" data-widget_type=\"heading.default\">\n\t\t\t\t<div class=\"elementor-widget-container\">\n\t\t\t\t\t<h2 class=\"elementor-heading-title elementor-size-default\">Links<\/h2>\t\t\t\t<\/div>\n\t\t\t\t<\/div>\n\t\t<div class=\"elementor-element elementor-element-0101757 e-grid e-con-boxed e-con e-child\" data-id=\"0101757\" data-element_type=\"container\" data-e-type=\"container\" data-settings=\"{&quot;background_background&quot;:&quot;classic&quot;}\">\n\t\t\t\t\t<div class=\"e-con-inner\">\n\t\t<div class=\"elementor-element elementor-element-a79a760 e-con-full e-flex e-con e-child\" data-id=\"a79a760\" data-element_type=\"container\" data-e-type=\"container\" data-settings=\"{&quot;background_background&quot;:&quot;classic&quot;}\">\n\t\t<div class=\"elementor-element elementor-element-5baf5d7 animated-slow e-grid e-con-boxed elementor-invisible e-con e-child\" data-id=\"5baf5d7\" data-element_type=\"container\" data-e-type=\"container\" data-settings=\"{&quot;animation&quot;:&quot;fadeInUp&quot;,&quot;animation_delay&quot;:500}\">\n\t\t\t\t\t<div class=\"e-con-inner\">\n\t\t\t\t<div class=\"elementor-element elementor-element-187e489 elementor-position-top elementor-widget elementor-widget-image-box\" data-id=\"187e489\" data-element_type=\"widget\" data-e-type=\"widget\" data-widget_type=\"image-box.default\">\n\t\t\t\t<div class=\"elementor-widget-container\">\n\t\t\t\t\t<div class=\"elementor-image-box-wrapper\"><figure class=\"elementor-image-box-img\"><a href=\"tel:+352112\" tabindex=\"-1\"><img fetchpriority=\"high\" decoding=\"async\" width=\"900\" height=\"900\" src=\"https:\/\/balance-viv.lu\/wp-content\/uploads\/2024\/05\/png-clipart-logo-emergency-telephone-number-call-911-firefighter-text-1.png\" class=\"attachment-full size-full wp-image-12135\" alt=\"\" srcset=\"https:\/\/balance-viv.lu\/wp-content\/uploads\/2024\/05\/png-clipart-logo-emergency-telephone-number-call-911-firefighter-text-1.png 900w, https:\/\/balance-viv.lu\/wp-content\/uploads\/2024\/05\/png-clipart-logo-emergency-telephone-number-call-911-firefighter-text-1-300x300.png 300w, https:\/\/balance-viv.lu\/wp-content\/uploads\/2024\/05\/png-clipart-logo-emergency-telephone-number-call-911-firefighter-text-1-150x150.png 150w, https:\/\/balance-viv.lu\/wp-content\/uploads\/2024\/05\/png-clipart-logo-emergency-telephone-number-call-911-firefighter-text-1-768x768.png 768w, https:\/\/balance-viv.lu\/wp-content\/uploads\/2024\/05\/png-clipart-logo-emergency-telephone-number-call-911-firefighter-text-1-600x600.png 600w\" sizes=\"(max-width: 900px) 100vw, 900px\" \/><\/a><\/figure><div class=\"elementor-image-box-content\"><h3 class=\"elementor-image-box-title\"><a href=\"tel:+352112\">Es ist immer jemand da, um Ihnen zu helfen, wenn Sie Hilfe brauchen.<\/a><\/h3><p class=\"elementor-image-box-description\">Rufen Sie 112 f\u00fcr dringende Eins\u00e4tze an, wie z.B. Rettung von verletzten und kranken Personen, Feuer, \u00dcberschwemmungen, Vergiftungen, Verschmutzung, Sch\u00e4den, ...\n\nDer Anruf ist kostenlos und 24 Stunden am Tag, 7 Tage die Woche m\u00f6glich.\n\nUm die Gro\u00dfherzogliche Polizei zu verst\u00e4ndigen, benutzen Sie bitte die Nummer 113.<\/p><\/div><\/div>\t\t\t\t<\/div>\n\t\t\t\t<\/div>\n\t\t\t\t<div class=\"elementor-element elementor-element-e2a85b4 elementor-position-top elementor-widget elementor-widget-image-box\" data-id=\"e2a85b4\" data-element_type=\"widget\" data-e-type=\"widget\" data-widget_type=\"image-box.default\">\n\t\t\t\t<div class=\"elementor-widget-container\">\n\t\t\t\t\t<div class=\"elementor-image-box-wrapper\"><figure class=\"elementor-image-box-img\"><a href=\"tel:+352691121718\" tabindex=\"-1\"><img decoding=\"async\" width=\"2048\" height=\"2048\" src=\"https:\/\/balance-viv.lu\/wp-content\/uploads\/2024\/05\/302162432_588663856293082_5180481618159132742_n.jpg\" class=\"attachment-full size-full wp-image-12134\" alt=\"\" srcset=\"https:\/\/balance-viv.lu\/wp-content\/uploads\/2024\/05\/302162432_588663856293082_5180481618159132742_n.jpg 2048w, https:\/\/balance-viv.lu\/wp-content\/uploads\/2024\/05\/302162432_588663856293082_5180481618159132742_n-300x300.jpg 300w, https:\/\/balance-viv.lu\/wp-content\/uploads\/2024\/05\/302162432_588663856293082_5180481618159132742_n-1024x1024.jpg 1024w, https:\/\/balance-viv.lu\/wp-content\/uploads\/2024\/05\/302162432_588663856293082_5180481618159132742_n-150x150.jpg 150w, https:\/\/balance-viv.lu\/wp-content\/uploads\/2024\/05\/302162432_588663856293082_5180481618159132742_n-768x768.jpg 768w, https:\/\/balance-viv.lu\/wp-content\/uploads\/2024\/05\/302162432_588663856293082_5180481618159132742_n-1536x1536.jpg 1536w, https:\/\/balance-viv.lu\/wp-content\/uploads\/2024\/05\/302162432_588663856293082_5180481618159132742_n-600x600.jpg 600w\" sizes=\"(max-width: 2048px) 100vw, 2048px\" \/><\/a><\/figure><div class=\"elementor-image-box-content\"><h3 class=\"elementor-image-box-title\"><a href=\"tel:+352691121718\">Panik.lu<\/a><\/h3><p class=\"elementor-image-box-description\">Warum sollte ich die Selbsthilfegruppe kontaktieren?\n\n  Ich m\u00f6chte \u00fcber meine \u00c4ngste sprechen.\n  Ich suche nach Informationen \u00fcber meine Krankheit.\n  Ich w\u00fcrde gerne wieder etwas tun k\u00f6nnen.\n  Ich m\u00f6chte mich einbringen, ich m\u00f6chte helfen.<\/p><\/div><\/div>\t\t\t\t<\/div>\n\t\t\t\t<\/div>\n\t\t\t\t\t<\/div>\n\t\t\t\t<\/div>\n\t\t\t\t<\/div>\n\t\t\t\t\t<\/div>\n\t\t\t\t<\/div>\n\t\t\t\t\t<\/div>\n\t\t\t\t<\/div>\n\t\t\t\t\t<\/div>\n\t\t<\/div>\n\t\t\t\t\t<\/div>\n\t\t<\/section>\n\t\t\t\t<\/div>\n\t\t","protected":false},"excerpt":{"rendered":"<p>Es ist immer jemand da, um Ihnen zu helfen, wenn Sie Hilfe brauchen. Rufen Sie 112 f\u00fcr dringende Eins\u00e4tze an, wie z.B. Rettung von verletzten und kranken Personen, Feuer, \u00dcberschwemmungen, Vergiftungen, Verschmutzung, Sch\u00e4den, &#8230; Der Anruf ist kostenlos und 24 Stunden am Tag, 7 Tage die Woche m\u00f6glich. Um die Gro\u00dfherzogliche Polizei zu verst\u00e4ndigen, benutzen [&hellip;]<\/p>\n","protected":false},"author":1,"featured_media":0,"parent":0,"menu_order":6,"comment_status":"closed","ping_status":"closed","template":"","meta":{"ocean_post_layout":"","ocean_both_sidebars_style":"","ocean_both_sidebars_content_width":0,"ocean_both_sidebars_sidebars_width":0,"ocean_sidebar":"0","ocean_second_sidebar":"0","ocean_disable_margins":"enable","ocean_add_body_class":"","ocean_shortcode_before_top_bar":"","ocean_shortcode_after_top_bar":"","ocean_shortcode_before_header":"","ocean_shortcode_after_header":"","ocean_has_shortcode":"","ocean_shortcode_after_title":"","ocean_shortcode_before_footer_widgets":"","ocean_shortcode_after_footer_widgets":"","ocean_shortcode_before_footer_bottom":"","ocean_shortcode_after_footer_bottom":"","ocean_display_top_bar":"default","ocean_display_header":"default","ocean_header_style":"","ocean_center_header_left_menu":"0","ocean_custom_header_template":"0","ocean_custom_logo":0,"ocean_custom_retina_logo":0,"ocean_custom_logo_max_width":0,"ocean_custom_logo_tablet_max_width":0,"ocean_custom_logo_mobile_max_width":0,"ocean_custom_logo_max_height":0,"ocean_custom_logo_tablet_max_height":0,"ocean_custom_logo_mobile_max_height":0,"ocean_header_custom_menu":"0","ocean_menu_typo_font_family":"0","ocean_menu_typo_font_subset":"","ocean_menu_typo_font_size":0,"ocean_menu_typo_font_size_tablet":0,"ocean_menu_typo_font_size_mobile":0,"ocean_menu_typo_font_size_unit":"px","ocean_menu_typo_font_weight":"","ocean_menu_typo_font_weight_tablet":"","ocean_menu_typo_font_weight_mobile":"","ocean_menu_typo_transform":"","ocean_menu_typo_transform_tablet":"","ocean_menu_typo_transform_mobile":"","ocean_menu_typo_line_height":0,"ocean_menu_typo_line_height_tablet":0,"ocean_menu_typo_line_height_mobile":0,"ocean_menu_typo_line_height_unit":"","ocean_menu_typo_spacing":0,"ocean_menu_typo_spacing_tablet":0,"ocean_menu_typo_spacing_mobile":0,"ocean_menu_typo_spacing_unit":"","ocean_menu_link_color":"","ocean_menu_link_color_hover":"","ocean_menu_link_color_active":"","ocean_menu_link_background":"","ocean_menu_link_hover_background":"","ocean_menu_link_active_background":"","ocean_menu_social_links_bg":"","ocean_menu_social_hover_links_bg":"","ocean_menu_social_links_color":"","ocean_menu_social_hover_links_color":"","ocean_disable_title":"default","ocean_disable_heading":"default","ocean_post_title":"","ocean_post_subheading":"","ocean_post_title_style":"","ocean_post_title_background_color":"","ocean_post_title_background":0,"ocean_post_title_bg_image_position":"","ocean_post_title_bg_image_attachment":"","ocean_post_title_bg_image_repeat":"","ocean_post_title_bg_image_size":"","ocean_post_title_height":0,"ocean_post_title_bg_overlay":0.5,"ocean_post_title_bg_overlay_color":"","ocean_disable_breadcrumbs":"default","ocean_breadcrumbs_color":"","ocean_breadcrumbs_separator_color":"","ocean_breadcrumbs_links_color":"","ocean_breadcrumbs_links_hover_color":"","ocean_display_footer_widgets":"default","ocean_display_footer_bottom":"default","ocean_custom_footer_template":"0","footnotes":""},"class_list":["post-12148","page","type-page","status-publish","hentry","entry"],"yoast_head":"<!-- This site is optimized with the Yoast SEO plugin v27.4 - https:\/\/yoast.com\/product\/yoast-seo-wordpress\/ -->\n<title>Links - Balance VIV<\/title>\n<meta name=\"robots\" content=\"index, follow, max-snippet:-1, max-image-preview:large, max-video-preview:-1\" \/>\n<link rel=\"canonical\" href=\"https:\/\/balance-viv.lu\/de\/links\/\" \/>\n<meta property=\"og:locale\" content=\"de_DE\" \/>\n<meta property=\"og:type\" content=\"article\" \/>\n<meta property=\"og:title\" content=\"Links - Balance VIV\" \/>\n<meta property=\"og:description\" content=\"Es ist immer jemand da, um Ihnen zu helfen, wenn Sie Hilfe brauchen. Rufen Sie 112 f\u00fcr dringende Eins\u00e4tze an, wie z.B. Rettung von verletzten und kranken Personen, Feuer, \u00dcberschwemmungen, Vergiftungen, Verschmutzung, Sch\u00e4den, &#8230; Der Anruf ist kostenlos und 24 Stunden am Tag, 7 Tage die Woche m\u00f6glich. Um die Gro\u00dfherzogliche Polizei zu verst\u00e4ndigen, benutzen [&hellip;]\" \/>\n<meta property=\"og:url\" content=\"https:\/\/balance-viv.lu\/de\/links\/\" \/>\n<meta property=\"og:site_name\" content=\"Balance VIV\" \/>\n<meta property=\"article:modified_time\" content=\"2024-06-06T07:59:50+00:00\" \/>\n<meta property=\"og:image\" content=\"https:\/\/balance-viv.lu\/wp-content\/uploads\/2024\/05\/png-clipart-logo-emergency-telephone-number-call-911-firefighter-text-1.png\" \/>\n<meta name=\"twitter:card\" content=\"summary_large_image\" \/>\n<meta name=\"twitter:label1\" content=\"Gesch\u00e4tzte Lesezeit\" \/>\n\t<meta name=\"twitter:data1\" content=\"1\u00a0Minute\" \/>\n<script type=\"application\/ld+json\" class=\"yoast-schema-graph\">{\"@context\":\"https:\\\/\\\/schema.org\",\"@graph\":[{\"@type\":\"WebPage\",\"@id\":\"https:\\\/\\\/balance-viv.lu\\\/de\\\/links\\\/\",\"url\":\"https:\\\/\\\/balance-viv.lu\\\/de\\\/links\\\/\",\"name\":\"Links - Balance VIV\",\"isPartOf\":{\"@id\":\"https:\\\/\\\/balance-viv.lu\\\/de\\\/#website\"},\"primaryImageOfPage\":{\"@id\":\"https:\\\/\\\/balance-viv.lu\\\/de\\\/links\\\/#primaryimage\"},\"image\":{\"@id\":\"https:\\\/\\\/balance-viv.lu\\\/de\\\/links\\\/#primaryimage\"},\"thumbnailUrl\":\"https:\\\/\\\/balance-viv.lu\\\/wp-content\\\/uploads\\\/2024\\\/05\\\/png-clipart-logo-emergency-telephone-number-call-911-firefighter-text-1.png\",\"datePublished\":\"2022-10-18T05:48:03+00:00\",\"dateModified\":\"2024-06-06T07:59:50+00:00\",\"breadcrumb\":{\"@id\":\"https:\\\/\\\/balance-viv.lu\\\/de\\\/links\\\/#breadcrumb\"},\"inLanguage\":\"de\",\"potentialAction\":[{\"@type\":\"ReadAction\",\"target\":[\"https:\\\/\\\/balance-viv.lu\\\/de\\\/links\\\/\"]}]},{\"@type\":\"ImageObject\",\"inLanguage\":\"de\",\"@id\":\"https:\\\/\\\/balance-viv.lu\\\/de\\\/links\\\/#primaryimage\",\"url\":\"https:\\\/\\\/balance-viv.lu\\\/wp-content\\\/uploads\\\/2024\\\/05\\\/png-clipart-logo-emergency-telephone-number-call-911-firefighter-text-1.png\",\"contentUrl\":\"https:\\\/\\\/balance-viv.lu\\\/wp-content\\\/uploads\\\/2024\\\/05\\\/png-clipart-logo-emergency-telephone-number-call-911-firefighter-text-1.png\"},{\"@type\":\"BreadcrumbList\",\"@id\":\"https:\\\/\\\/balance-viv.lu\\\/de\\\/links\\\/#breadcrumb\",\"itemListElement\":[{\"@type\":\"ListItem\",\"position\":1,\"name\":\"Accueil\",\"item\":\"https:\\\/\\\/balance-viv.lu\\\/de\\\/\"},{\"@type\":\"ListItem\",\"position\":2,\"name\":\"Links\"}]},{\"@type\":\"WebSite\",\"@id\":\"https:\\\/\\\/balance-viv.lu\\\/de\\\/#website\",\"url\":\"https:\\\/\\\/balance-viv.lu\\\/de\\\/\",\"name\":\"Balance VIV\",\"description\":\"\u00c9cole de la vie en \u00e9quilibre balance VIV\",\"publisher\":{\"@id\":\"https:\\\/\\\/balance-viv.lu\\\/de\\\/#organization\"},\"potentialAction\":[{\"@type\":\"SearchAction\",\"target\":{\"@type\":\"EntryPoint\",\"urlTemplate\":\"https:\\\/\\\/balance-viv.lu\\\/de\\\/?s={search_term_string}\"},\"query-input\":{\"@type\":\"PropertyValueSpecification\",\"valueRequired\":true,\"valueName\":\"search_term_string\"}}],\"inLanguage\":\"de\"},{\"@type\":\"Organization\",\"@id\":\"https:\\\/\\\/balance-viv.lu\\\/de\\\/#organization\",\"name\":\"Balance VIV\",\"url\":\"https:\\\/\\\/balance-viv.lu\\\/de\\\/\",\"logo\":{\"@type\":\"ImageObject\",\"inLanguage\":\"de\",\"@id\":\"https:\\\/\\\/balance-viv.lu\\\/de\\\/#\\\/schema\\\/logo\\\/image\\\/\",\"url\":\"https:\\\/\\\/balance-viv.lu\\\/wp-content\\\/uploads\\\/2024\\\/05\\\/logo.png\",\"contentUrl\":\"https:\\\/\\\/balance-viv.lu\\\/wp-content\\\/uploads\\\/2024\\\/05\\\/logo.png\",\"width\":900,\"height\":322,\"caption\":\"Balance VIV\"},\"image\":{\"@id\":\"https:\\\/\\\/balance-viv.lu\\\/de\\\/#\\\/schema\\\/logo\\\/image\\\/\"}}]}<\/script>\n<!-- \/ Yoast SEO plugin. -->","yoast_head_json":{"title":"Links - Balance VIV","robots":{"index":"index","follow":"follow","max-snippet":"max-snippet:-1","max-image-preview":"max-image-preview:large","max-video-preview":"max-video-preview:-1"},"canonical":"https:\/\/balance-viv.lu\/de\/links\/","og_locale":"de_DE","og_type":"article","og_title":"Links - Balance VIV","og_description":"Es ist immer jemand da, um Ihnen zu helfen, wenn Sie Hilfe brauchen. Rufen Sie 112 f\u00fcr dringende Eins\u00e4tze an, wie z.B. Rettung von verletzten und kranken Personen, Feuer, \u00dcberschwemmungen, Vergiftungen, Verschmutzung, Sch\u00e4den, &#8230; Der Anruf ist kostenlos und 24 Stunden am Tag, 7 Tage die Woche m\u00f6glich. Um die Gro\u00dfherzogliche Polizei zu verst\u00e4ndigen, benutzen [&hellip;]","og_url":"https:\/\/balance-viv.lu\/de\/links\/","og_site_name":"Balance VIV","article_modified_time":"2024-06-06T07:59:50+00:00","og_image":[{"url":"https:\/\/balance-viv.lu\/wp-content\/uploads\/2024\/05\/png-clipart-logo-emergency-telephone-number-call-911-firefighter-text-1.png","type":"","width":"","height":""}],"twitter_card":"summary_large_image","twitter_misc":{"Gesch\u00e4tzte Lesezeit":"1\u00a0Minute"},"schema":{"@context":"https:\/\/schema.org","@graph":[{"@type":"WebPage","@id":"https:\/\/balance-viv.lu\/de\/links\/","url":"https:\/\/balance-viv.lu\/de\/links\/","name":"Links - Balance VIV","isPartOf":{"@id":"https:\/\/balance-viv.lu\/de\/#website"},"primaryImageOfPage":{"@id":"https:\/\/balance-viv.lu\/de\/links\/#primaryimage"},"image":{"@id":"https:\/\/balance-viv.lu\/de\/links\/#primaryimage"},"thumbnailUrl":"https:\/\/balance-viv.lu\/wp-content\/uploads\/2024\/05\/png-clipart-logo-emergency-telephone-number-call-911-firefighter-text-1.png","datePublished":"2022-10-18T05:48:03+00:00","dateModified":"2024-06-06T07:59:50+00:00","breadcrumb":{"@id":"https:\/\/balance-viv.lu\/de\/links\/#breadcrumb"},"inLanguage":"de","potentialAction":[{"@type":"ReadAction","target":["https:\/\/balance-viv.lu\/de\/links\/"]}]},{"@type":"ImageObject","inLanguage":"de","@id":"https:\/\/balance-viv.lu\/de\/links\/#primaryimage","url":"https:\/\/balance-viv.lu\/wp-content\/uploads\/2024\/05\/png-clipart-logo-emergency-telephone-number-call-911-firefighter-text-1.png","contentUrl":"https:\/\/balance-viv.lu\/wp-content\/uploads\/2024\/05\/png-clipart-logo-emergency-telephone-number-call-911-firefighter-text-1.png"},{"@type":"BreadcrumbList","@id":"https:\/\/balance-viv.lu\/de\/links\/#breadcrumb","itemListElement":[{"@type":"ListItem","position":1,"name":"Accueil","item":"https:\/\/balance-viv.lu\/de\/"},{"@type":"ListItem","position":2,"name":"Links"}]},{"@type":"WebSite","@id":"https:\/\/balance-viv.lu\/de\/#website","url":"https:\/\/balance-viv.lu\/de\/","name":"Balance VIV","description":"\u00c9cole de la vie en \u00e9quilibre balance VIV","publisher":{"@id":"https:\/\/balance-viv.lu\/de\/#organization"},"potentialAction":[{"@type":"SearchAction","target":{"@type":"EntryPoint","urlTemplate":"https:\/\/balance-viv.lu\/de\/?s={search_term_string}"},"query-input":{"@type":"PropertyValueSpecification","valueRequired":true,"valueName":"search_term_string"}}],"inLanguage":"de"},{"@type":"Organization","@id":"https:\/\/balance-viv.lu\/de\/#organization","name":"Balance VIV","url":"https:\/\/balance-viv.lu\/de\/","logo":{"@type":"ImageObject","inLanguage":"de","@id":"https:\/\/balance-viv.lu\/de\/#\/schema\/logo\/image\/","url":"https:\/\/balance-viv.lu\/wp-content\/uploads\/2024\/05\/logo.png","contentUrl":"https:\/\/balance-viv.lu\/wp-content\/uploads\/2024\/05\/logo.png","width":900,"height":322,"caption":"Balance VIV"},"image":{"@id":"https:\/\/balance-viv.lu\/de\/#\/schema\/logo\/image\/"}}]}},"_links":{"self":[{"href":"https:\/\/balance-viv.lu\/de\/wp-json\/wp\/v2\/pages\/12148","targetHints":{"allow":["GET"]}}],"collection":[{"href":"https:\/\/balance-viv.lu\/de\/wp-json\/wp\/v2\/pages"}],"about":[{"href":"https:\/\/balance-viv.lu\/de\/wp-json\/wp\/v2\/types\/page"}],"author":[{"embeddable":true,"href":"https:\/\/balance-viv.lu\/de\/wp-json\/wp\/v2\/users\/1"}],"replies":[{"embeddable":true,"href":"https:\/\/balance-viv.lu\/de\/wp-json\/wp\/v2\/comments?post=12148"}],"version-history":[{"count":2,"href":"https:\/\/balance-viv.lu\/de\/wp-json\/wp\/v2\/pages\/12148\/revisions"}],"predecessor-version":[{"id":12155,"href":"https:\/\/balance-viv.lu\/de\/wp-json\/wp\/v2\/pages\/12148\/revisions\/12155"}],"wp:attachment":[{"href":"https:\/\/balance-viv.lu\/de\/wp-json\/wp\/v2\/media?parent=12148"}],"curies":[{"name":"wp","href":"https:\/\/api.w.org\/{rel}","templated":true}]}}