{"id":12153,"date":"2022-10-18T08:29:17","date_gmt":"2022-10-18T06:29:17","guid":{"rendered":"https:\/\/balance-viv.lu\/ueber-mich\/"},"modified":"2024-06-06T10:25:52","modified_gmt":"2024-06-06T08:25:52","slug":"ueber-mich","status":"publish","type":"page","link":"https:\/\/balance-viv.lu\/de\/ueber-mich\/","title":{"rendered":"\u00dcber mich"},"content":{"rendered":"\t\t<div data-elementor-type=\"wp-page\" data-elementor-id=\"12153\" class=\"elementor elementor-12153 elementor-122\" data-elementor-post-type=\"page\">\n\t\t\t\t<div class=\"elementor-element elementor-element-7d5e970 e-flex e-con-boxed e-con e-parent\" data-id=\"7d5e970\" data-element_type=\"container\" data-e-type=\"container\" data-settings=\"{&quot;background_background&quot;:&quot;classic&quot;,&quot;position&quot;:&quot;absolute&quot;}\">\n\t\t\t\t\t<div class=\"e-con-inner\">\n\t\t\t\t\t<\/div>\n\t\t\t\t<\/div>\n\t\t\t\t<section class=\"elementor-section elementor-top-section elementor-element elementor-element-74765b3 elementor-section-stretched elementor-section-full_width elementor-section-height-default elementor-section-height-default\" data-id=\"74765b3\" data-element_type=\"section\" data-e-type=\"section\" data-settings=\"{&quot;stretch_section&quot;:&quot;section-stretched&quot;,&quot;background_background&quot;:&quot;classic&quot;}\">\n\t\t\t\t\t\t\t<div class=\"elementor-background-overlay\"><\/div>\n\t\t\t\t\t\t\t<div class=\"elementor-container elementor-column-gap-no\">\n\t\t\t\t\t<div class=\"elementor-column elementor-col-100 elementor-top-column elementor-element elementor-element-d8d3e02\" data-id=\"d8d3e02\" data-element_type=\"column\" data-e-type=\"column\" data-settings=\"{&quot;background_background&quot;:&quot;classic&quot;}\">\n\t\t\t<div class=\"elementor-widget-wrap elementor-element-populated\">\n\t\t\t\t<div class=\"elementor-element elementor-element-a9e3a92 e-flex e-con-boxed e-con e-parent\" data-id=\"a9e3a92\" data-element_type=\"container\" data-e-type=\"container\" data-settings=\"{&quot;background_background&quot;:&quot;classic&quot;}\">\n\t\t\t\t\t<div class=\"e-con-inner\">\n\t\t\t\t<div class=\"elementor-element elementor-element-bdf0fc4 animated-slow elementor-widget__width-auto elementor-invisible elementor-widget elementor-widget-heading\" data-id=\"bdf0fc4\" data-element_type=\"widget\" data-e-type=\"widget\" data-settings=\"{&quot;_animation&quot;:&quot;fadeInUp&quot;,&quot;_animation_delay&quot;:300}\" data-widget_type=\"heading.default\">\n\t\t\t\t<div class=\"elementor-widget-container\">\n\t\t\t\t\t<h2 class=\"elementor-heading-title elementor-size-default\">\u00dcber mich<\/h2>\t\t\t\t<\/div>\n\t\t\t\t<\/div>\n\t\t<div class=\"elementor-element elementor-element-80bf565 e-grid e-con-full e-con e-child\" data-id=\"80bf565\" data-element_type=\"container\" data-e-type=\"container\" data-settings=\"{&quot;background_background&quot;:&quot;classic&quot;}\">\n\t\t<div class=\"elementor-element elementor-element-e65cf95 e-flex e-con-boxed e-con e-child\" data-id=\"e65cf95\" data-element_type=\"container\" data-e-type=\"container\" data-settings=\"{&quot;background_background&quot;:&quot;classic&quot;}\">\n\t\t\t\t\t<div class=\"e-con-inner\">\n\t\t\t\t<div class=\"elementor-element elementor-element-047fd65 elementor-invisible elementor-widget elementor-widget-text-editor\" data-id=\"047fd65\" data-element_type=\"widget\" data-e-type=\"widget\" data-settings=\"{&quot;_animation&quot;:&quot;fadeInUp&quot;,&quot;_animation_delay&quot;:600}\" data-widget_type=\"text-editor.default\">\n\t\t\t\t<div class=\"elementor-widget-container\">\n\t\t\t\t\t\t\t\t\t<p>&#8222;Jenseits von Gut und B\u00f6se gibt es einen Garten.<br \/>Dort werde ich dich finden&#8220;.<\/p>\n\t\t\t\t\t\t\t\t<\/div>\n\t\t\t\t<\/div>\n\t\t\t\t\t<\/div>\n\t\t\t\t<\/div>\n\t\t<div class=\"elementor-element elementor-element-4de88b3 e-con-full e-flex e-con e-child\" data-id=\"4de88b3\" data-element_type=\"container\" data-e-type=\"container\" data-settings=\"{&quot;background_background&quot;:&quot;classic&quot;}\">\n\t\t<div class=\"elementor-element elementor-element-b4338b8 animated-slow e-flex e-con-boxed elementor-invisible e-con e-child\" data-id=\"b4338b8\" data-element_type=\"container\" data-e-type=\"container\" data-settings=\"{&quot;animation&quot;:&quot;fadeInUp&quot;,&quot;animation_delay&quot;:500}\">\n\t\t\t\t\t<div class=\"e-con-inner\">\n\t\t\t\t<div class=\"elementor-element elementor-element-2d98e40 elementor-vertical-align-middle elementor-widget elementor-widget-image-box\" data-id=\"2d98e40\" data-element_type=\"widget\" data-e-type=\"widget\" data-widget_type=\"image-box.default\">\n\t\t\t\t<div class=\"elementor-widget-container\">\n\t\t\t\t\t<div class=\"elementor-image-box-wrapper\"><div class=\"elementor-image-box-content\"><h3 class=\"elementor-image-box-title\">Mein Name ist Viviane Kandel<\/h3><\/div><\/div>\t\t\t\t<\/div>\n\t\t\t\t<\/div>\n\t\t\t\t\t<\/div>\n\t\t\t\t<\/div>\n\t\t<div class=\"elementor-element elementor-element-909b6e1 animated-slow e-flex e-con-boxed elementor-invisible e-con e-child\" data-id=\"909b6e1\" data-element_type=\"container\" data-e-type=\"container\" data-settings=\"{&quot;animation&quot;:&quot;fadeInUp&quot;,&quot;animation_delay&quot;:700}\">\n\t\t\t\t\t<div class=\"e-con-inner\">\n\t\t\t\t<div class=\"elementor-element elementor-element-3f979fb elementor-widget elementor-widget-text-editor\" data-id=\"3f979fb\" data-element_type=\"widget\" data-e-type=\"widget\" data-widget_type=\"text-editor.default\">\n\t\t\t\t<div class=\"elementor-widget-container\">\n\t\t\t\t\t\t\t\t\t<p>Geboren wurde ich in P\u00e9tange\/Luxembourg.<\/p><p>Als ich 18 war, hat meine Mutter uns im Krankenhaus f\u00fcr immer verlassen. Sie stand in der <br \/>Bl\u00fchte ihres Lebens, war 44 Jahre jung. Meine Trauer war unendlich.<\/p><p>Drei Jahre sp\u00e4ter haben meine Schwestern und ich unseren Daddy im Alter von 46 Jahren <br \/>neben meine Mutter gebettet. Nun war meine Trauer so tief, dass ich bei der Beerdigung &#8211; <br \/>und lange Zeit danach &#8211; keine Tr\u00e4ne weinen konnte. Gef\u00fchle von Verlassenheit, Hilflosigkeit, <br \/>Angst und Wut bis hin zu &#8222;ich bin nicht genug&#8220; \u00fcberw\u00e4ltigten mich.<\/p><p>In meiner \u00dcberforderung fing ich an zu mauern und baute eine Festung um meine Gef\u00fchle <br \/>und Emotionen.<\/p><p>Als ich 40 Lenze z\u00e4hlte, war ich durch viele L\u00e4nder gereist, hatte einen Traumjob, einen <br \/>Ehemann und ein sch\u00f6nes Haus, doch ich f\u00fchlte mich unendlich leer! Ich konnte mich <br \/>doch mit meinen Lebensumst\u00e4nden gl\u00fccklich sch\u00e4tzen &#8211; und doch war ich es nicht.<\/p><p>Mein Hormonspiegel spielte verr\u00fcckt, ich hatte zu nichts mehr Lust, konnte keine Freude <br \/>mehr empfinden, alles war leer und stumpf, ich f\u00fchlte mich innerlich erstarrt.<\/p><p>Dann habe ich mich in Ruhe hingesetzt und horchte dem leisen Impuls meiner Seele. <br \/>Dabei machte ich eine erstaunliche Entdeckung. Seit meiner Kindheit hatte ich das <br \/>Verdr\u00e4ngen meiner Gef\u00fchle und die Anpassung perfekt trainiert, war st\u00e4ndig auf der <br \/>Flucht statt mich den Konflikten und Emotionen zu stellen. <br \/>Ich hatte meine Tr\u00e4ume verloren.<br \/>Von September 2003 bis M\u00e4rz 2006 absolvierte ich eine &#8211; vom deutschen Staat anerkannte &#8211; <br \/>Ausbildung zur Gesundheitsberaterin f\u00fcr ganzheitliche Lebens- und Heilweisen.<\/p><p>Diplom: 03\/2006 Thema der Diplomarbeit: <br \/>Harmonisch und gl\u00fccklich leben durch Entspannung und Achtsamkeit.<\/p><p>Aus beruflichen Gr\u00fcnden lebte ich 16 Jahre in Deutschland (Aachen, Stuttgart, K\u00f6ln) <br \/>u. A. als Referentin des Vorstandes eines grossen Konzerns.<\/p><p>Im Jahre 2000 entschied ich mich nach Luxembourg zur\u00fcck zu kehren. Einige Jahre <br \/>sp\u00e4ter holte ich mir professionelle Hilfe; das war eine der besten Entscheidungen <br \/>meines Lebens.<\/p><p>Ab da begann die Wende, die Selbstverantwortung f\u00fcr mein Leben das ich komplett <br \/>umstellte. Ich habe mich aus einer toxischen Ehe befreit und den Beruf aufgegeben, <br \/>der mich krank machte.<\/p><p>Seit 25 Jahren meditiere ich regelm\u00e4ssig. Ab und zu ziehe ich mich in ein Kloster zur\u00fcck <br \/>um die Verbindung zu mir selbst zu festigen.<\/p><p>Voller Dankbarkeit kann ich sagen, dass ich heute mein Leben authentisch und <br \/>selbstbewusst lebe. Und dies habe ich u. A.. ganz wunderbaren Menschen zu <br \/>verdanken, die mich auf meinem Weg des Umbruchs begleitet haben.<\/p><p>Ich war &#8211; und bin &#8211; nicht alleine. Du bist es auch nicht!<\/p>\t\t\t\t\t\t\t\t<\/div>\n\t\t\t\t<\/div>\n\t\t\t\t<div class=\"elementor-element elementor-element-e3f7c76 elementor-widget-divider--view-line elementor-widget elementor-widget-divider\" data-id=\"e3f7c76\" data-element_type=\"widget\" data-e-type=\"widget\" data-widget_type=\"divider.default\">\n\t\t\t\t<div class=\"elementor-widget-container\">\n\t\t\t\t\t\t\t<div class=\"elementor-divider\">\n\t\t\t<span class=\"elementor-divider-separator\">\n\t\t\t\t\t\t<\/span>\n\t\t<\/div>\n\t\t\t\t\t\t<\/div>\n\t\t\t\t<\/div>\n\t\t\t\t\t<\/div>\n\t\t\t\t<\/div>\n\t\t<div class=\"elementor-element elementor-element-b5db27f e-grid e-con-boxed e-con e-child\" data-id=\"b5db27f\" data-element_type=\"container\" data-e-type=\"container\">\n\t\t\t\t\t<div class=\"e-con-inner\">\n\t\t\t\t<div class=\"elementor-element elementor-element-63300c9 elementor-align-justify elementor-widget elementor-widget-button\" data-id=\"63300c9\" data-element_type=\"widget\" data-e-type=\"widget\" data-widget_type=\"button.default\">\n\t\t\t\t<div class=\"elementor-widget-container\">\n\t\t\t\t\t\t\t\t\t<div class=\"elementor-button-wrapper\">\n\t\t\t\t\t<a class=\"elementor-button elementor-button-link elementor-size-sm\" href=\"https:\/\/balance-viv.lu\/mon-approche\/\">\n\t\t\t\t\t\t<span class=\"elementor-button-content-wrapper\">\n\t\t\t\t\t\t\t\t\t<span class=\"elementor-button-text\">Mein Ansatz<\/span>\n\t\t\t\t\t<\/span>\n\t\t\t\t\t<\/a>\n\t\t\t\t<\/div>\n\t\t\t\t\t\t\t\t<\/div>\n\t\t\t\t<\/div>\n\t\t\t\t<div class=\"elementor-element elementor-element-c8b849d elementor-align-justify elementor-widget elementor-widget-button\" data-id=\"c8b849d\" data-element_type=\"widget\" data-e-type=\"widget\" data-widget_type=\"button.default\">\n\t\t\t\t<div class=\"elementor-widget-container\">\n\t\t\t\t\t\t\t\t\t<div class=\"elementor-button-wrapper\">\n\t\t\t\t\t<a class=\"elementor-button elementor-button-link elementor-size-sm\" href=\"https:\/\/balance-viv.lu\/mes-cours\/\">\n\t\t\t\t\t\t<span class=\"elementor-button-content-wrapper\">\n\t\t\t\t\t\t\t\t\t<span class=\"elementor-button-text\">Meine Kurse<\/span>\n\t\t\t\t\t<\/span>\n\t\t\t\t\t<\/a>\n\t\t\t\t<\/div>\n\t\t\t\t\t\t\t\t<\/div>\n\t\t\t\t<\/div>\n\t\t\t\t<div class=\"elementor-element elementor-element-aacd3f2 elementor-align-justify elementor-widget elementor-widget-button\" data-id=\"aacd3f2\" data-element_type=\"widget\" data-e-type=\"widget\" data-widget_type=\"button.default\">\n\t\t\t\t<div class=\"elementor-widget-container\">\n\t\t\t\t\t\t\t\t\t<div class=\"elementor-button-wrapper\">\n\t\t\t\t\t<a class=\"elementor-button elementor-button-link elementor-size-sm\" href=\"https:\/\/balance-viv.lu\/contact\/\">\n\t\t\t\t\t\t<span class=\"elementor-button-content-wrapper\">\n\t\t\t\t\t\t\t\t\t<span class=\"elementor-button-text\">Kontakt<\/span>\n\t\t\t\t\t<\/span>\n\t\t\t\t\t<\/a>\n\t\t\t\t<\/div>\n\t\t\t\t\t\t\t\t<\/div>\n\t\t\t\t<\/div>\n\t\t\t\t\t<\/div>\n\t\t\t\t<\/div>\n\t\t\t\t<\/div>\n\t\t\t\t<\/div>\n\t\t\t\t\t<\/div>\n\t\t\t\t<\/div>\n\t\t\t\t\t<\/div>\n\t\t<\/div>\n\t\t\t\t\t<\/div>\n\t\t<\/section>\n\t\t\t\t<\/div>\n\t\t","protected":false},"excerpt":{"rendered":"<p>&#8222;Jenseits von Gut und B\u00f6se gibt es einen Garten.Dort werde ich dich finden&#8220;. Mein Name ist Viviane Kandel Geboren wurde ich in P\u00e9tange\/Luxembourg. Als ich 18 war, hat meine Mutter uns im Krankenhaus f\u00fcr immer verlassen. Sie stand in der Bl\u00fchte ihres Lebens, war 44 Jahre jung. Meine Trauer war unendlich. Drei Jahre sp\u00e4ter haben [&hellip;]<\/p>\n","protected":false},"author":1,"featured_media":0,"parent":0,"menu_order":2,"comment_status":"closed","ping_status":"closed","template":"","meta":{"ocean_post_layout":"","ocean_both_sidebars_style":"","ocean_both_sidebars_content_width":0,"ocean_both_sidebars_sidebars_width":0,"ocean_sidebar":"","ocean_second_sidebar":"","ocean_disable_margins":"enable","ocean_add_body_class":"","ocean_shortcode_before_top_bar":"","ocean_shortcode_after_top_bar":"","ocean_shortcode_before_header":"","ocean_shortcode_after_header":"","ocean_has_shortcode":"","ocean_shortcode_after_title":"","ocean_shortcode_before_footer_widgets":"","ocean_shortcode_after_footer_widgets":"","ocean_shortcode_before_footer_bottom":"","ocean_shortcode_after_footer_bottom":"","ocean_display_top_bar":"default","ocean_display_header":"default","ocean_header_style":"","ocean_center_header_left_menu":"","ocean_custom_header_template":"","ocean_custom_logo":0,"ocean_custom_retina_logo":0,"ocean_custom_logo_max_width":0,"ocean_custom_logo_tablet_max_width":0,"ocean_custom_logo_mobile_max_width":0,"ocean_custom_logo_max_height":0,"ocean_custom_logo_tablet_max_height":0,"ocean_custom_logo_mobile_max_height":0,"ocean_header_custom_menu":"","ocean_menu_typo_font_family":"","ocean_menu_typo_font_subset":"","ocean_menu_typo_font_size":0,"ocean_menu_typo_font_size_tablet":0,"ocean_menu_typo_font_size_mobile":0,"ocean_menu_typo_font_size_unit":"px","ocean_menu_typo_font_weight":"","ocean_menu_typo_font_weight_tablet":"","ocean_menu_typo_font_weight_mobile":"","ocean_menu_typo_transform":"","ocean_menu_typo_transform_tablet":"","ocean_menu_typo_transform_mobile":"","ocean_menu_typo_line_height":0,"ocean_menu_typo_line_height_tablet":0,"ocean_menu_typo_line_height_mobile":0,"ocean_menu_typo_line_height_unit":"","ocean_menu_typo_spacing":0,"ocean_menu_typo_spacing_tablet":0,"ocean_menu_typo_spacing_mobile":0,"ocean_menu_typo_spacing_unit":"","ocean_menu_link_color":"","ocean_menu_link_color_hover":"","ocean_menu_link_color_active":"","ocean_menu_link_background":"","ocean_menu_link_hover_background":"","ocean_menu_link_active_background":"","ocean_menu_social_links_bg":"","ocean_menu_social_hover_links_bg":"","ocean_menu_social_links_color":"","ocean_menu_social_hover_links_color":"","ocean_disable_title":"default","ocean_disable_heading":"default","ocean_post_title":"","ocean_post_subheading":"","ocean_post_title_style":"","ocean_post_title_background_color":"","ocean_post_title_background":0,"ocean_post_title_bg_image_position":"","ocean_post_title_bg_image_attachment":"","ocean_post_title_bg_image_repeat":"","ocean_post_title_bg_image_size":"","ocean_post_title_height":0,"ocean_post_title_bg_overlay":0.5,"ocean_post_title_bg_overlay_color":"","ocean_disable_breadcrumbs":"default","ocean_breadcrumbs_color":"","ocean_breadcrumbs_separator_color":"","ocean_breadcrumbs_links_color":"","ocean_breadcrumbs_links_hover_color":"","ocean_display_footer_widgets":"default","ocean_display_footer_bottom":"default","ocean_custom_footer_template":"","footnotes":""},"class_list":["post-12153","page","type-page","status-publish","hentry","entry"],"yoast_head":"<!-- This site is optimized with the Yoast SEO plugin v27.4 - https:\/\/yoast.com\/product\/yoast-seo-wordpress\/ -->\n<title>\u00dcber mich - Balance VIV<\/title>\n<meta name=\"robots\" content=\"index, follow, max-snippet:-1, max-image-preview:large, max-video-preview:-1\" \/>\n<link rel=\"canonical\" href=\"https:\/\/balance-viv.lu\/de\/ueber-mich\/\" \/>\n<meta property=\"og:locale\" content=\"de_DE\" \/>\n<meta property=\"og:type\" content=\"article\" \/>\n<meta property=\"og:title\" content=\"\u00dcber mich - Balance VIV\" \/>\n<meta property=\"og:description\" content=\"&#8222;Jenseits von Gut und B\u00f6se gibt es einen Garten.Dort werde ich dich finden&#8220;. Mein Name ist Viviane Kandel Geboren wurde ich in P\u00e9tange\/Luxembourg. Als ich 18 war, hat meine Mutter uns im Krankenhaus f\u00fcr immer verlassen. Sie stand in der Bl\u00fchte ihres Lebens, war 44 Jahre jung. Meine Trauer war unendlich. Drei Jahre sp\u00e4ter haben [&hellip;]\" \/>\n<meta property=\"og:url\" content=\"https:\/\/balance-viv.lu\/de\/ueber-mich\/\" \/>\n<meta property=\"og:site_name\" content=\"Balance VIV\" \/>\n<meta property=\"article:modified_time\" content=\"2024-06-06T08:25:52+00:00\" \/>\n<meta name=\"twitter:card\" content=\"summary_large_image\" \/>\n<meta name=\"twitter:label1\" content=\"Gesch\u00e4tzte Lesezeit\" \/>\n\t<meta name=\"twitter:data1\" content=\"3\u00a0Minuten\" \/>\n<script type=\"application\/ld+json\" class=\"yoast-schema-graph\">{\"@context\":\"https:\\\/\\\/schema.org\",\"@graph\":[{\"@type\":\"WebPage\",\"@id\":\"https:\\\/\\\/balance-viv.lu\\\/de\\\/ueber-mich\\\/\",\"url\":\"https:\\\/\\\/balance-viv.lu\\\/de\\\/ueber-mich\\\/\",\"name\":\"\u00dcber mich - Balance VIV\",\"isPartOf\":{\"@id\":\"https:\\\/\\\/balance-viv.lu\\\/de\\\/#website\"},\"datePublished\":\"2022-10-18T06:29:17+00:00\",\"dateModified\":\"2024-06-06T08:25:52+00:00\",\"breadcrumb\":{\"@id\":\"https:\\\/\\\/balance-viv.lu\\\/de\\\/ueber-mich\\\/#breadcrumb\"},\"inLanguage\":\"de\",\"potentialAction\":[{\"@type\":\"ReadAction\",\"target\":[\"https:\\\/\\\/balance-viv.lu\\\/de\\\/ueber-mich\\\/\"]}]},{\"@type\":\"BreadcrumbList\",\"@id\":\"https:\\\/\\\/balance-viv.lu\\\/de\\\/ueber-mich\\\/#breadcrumb\",\"itemListElement\":[{\"@type\":\"ListItem\",\"position\":1,\"name\":\"Accueil\",\"item\":\"https:\\\/\\\/balance-viv.lu\\\/de\\\/\"},{\"@type\":\"ListItem\",\"position\":2,\"name\":\"\u00dcber mich\"}]},{\"@type\":\"WebSite\",\"@id\":\"https:\\\/\\\/balance-viv.lu\\\/de\\\/#website\",\"url\":\"https:\\\/\\\/balance-viv.lu\\\/de\\\/\",\"name\":\"Balance VIV\",\"description\":\"\u00c9cole de la vie en \u00e9quilibre balance VIV\",\"publisher\":{\"@id\":\"https:\\\/\\\/balance-viv.lu\\\/de\\\/#organization\"},\"potentialAction\":[{\"@type\":\"SearchAction\",\"target\":{\"@type\":\"EntryPoint\",\"urlTemplate\":\"https:\\\/\\\/balance-viv.lu\\\/de\\\/?s={search_term_string}\"},\"query-input\":{\"@type\":\"PropertyValueSpecification\",\"valueRequired\":true,\"valueName\":\"search_term_string\"}}],\"inLanguage\":\"de\"},{\"@type\":\"Organization\",\"@id\":\"https:\\\/\\\/balance-viv.lu\\\/de\\\/#organization\",\"name\":\"Balance VIV\",\"url\":\"https:\\\/\\\/balance-viv.lu\\\/de\\\/\",\"logo\":{\"@type\":\"ImageObject\",\"inLanguage\":\"de\",\"@id\":\"https:\\\/\\\/balance-viv.lu\\\/de\\\/#\\\/schema\\\/logo\\\/image\\\/\",\"url\":\"https:\\\/\\\/balance-viv.lu\\\/wp-content\\\/uploads\\\/2024\\\/05\\\/logo.png\",\"contentUrl\":\"https:\\\/\\\/balance-viv.lu\\\/wp-content\\\/uploads\\\/2024\\\/05\\\/logo.png\",\"width\":900,\"height\":322,\"caption\":\"Balance VIV\"},\"image\":{\"@id\":\"https:\\\/\\\/balance-viv.lu\\\/de\\\/#\\\/schema\\\/logo\\\/image\\\/\"}}]}<\/script>\n<!-- \/ Yoast SEO plugin. -->","yoast_head_json":{"title":"\u00dcber mich - Balance VIV","robots":{"index":"index","follow":"follow","max-snippet":"max-snippet:-1","max-image-preview":"max-image-preview:large","max-video-preview":"max-video-preview:-1"},"canonical":"https:\/\/balance-viv.lu\/de\/ueber-mich\/","og_locale":"de_DE","og_type":"article","og_title":"\u00dcber mich - Balance VIV","og_description":"&#8222;Jenseits von Gut und B\u00f6se gibt es einen Garten.Dort werde ich dich finden&#8220;. Mein Name ist Viviane Kandel Geboren wurde ich in P\u00e9tange\/Luxembourg. Als ich 18 war, hat meine Mutter uns im Krankenhaus f\u00fcr immer verlassen. Sie stand in der Bl\u00fchte ihres Lebens, war 44 Jahre jung. Meine Trauer war unendlich. Drei Jahre sp\u00e4ter haben [&hellip;]","og_url":"https:\/\/balance-viv.lu\/de\/ueber-mich\/","og_site_name":"Balance VIV","article_modified_time":"2024-06-06T08:25:52+00:00","twitter_card":"summary_large_image","twitter_misc":{"Gesch\u00e4tzte Lesezeit":"3\u00a0Minuten"},"schema":{"@context":"https:\/\/schema.org","@graph":[{"@type":"WebPage","@id":"https:\/\/balance-viv.lu\/de\/ueber-mich\/","url":"https:\/\/balance-viv.lu\/de\/ueber-mich\/","name":"\u00dcber mich - Balance VIV","isPartOf":{"@id":"https:\/\/balance-viv.lu\/de\/#website"},"datePublished":"2022-10-18T06:29:17+00:00","dateModified":"2024-06-06T08:25:52+00:00","breadcrumb":{"@id":"https:\/\/balance-viv.lu\/de\/ueber-mich\/#breadcrumb"},"inLanguage":"de","potentialAction":[{"@type":"ReadAction","target":["https:\/\/balance-viv.lu\/de\/ueber-mich\/"]}]},{"@type":"BreadcrumbList","@id":"https:\/\/balance-viv.lu\/de\/ueber-mich\/#breadcrumb","itemListElement":[{"@type":"ListItem","position":1,"name":"Accueil","item":"https:\/\/balance-viv.lu\/de\/"},{"@type":"ListItem","position":2,"name":"\u00dcber mich"}]},{"@type":"WebSite","@id":"https:\/\/balance-viv.lu\/de\/#website","url":"https:\/\/balance-viv.lu\/de\/","name":"Balance VIV","description":"\u00c9cole de la vie en \u00e9quilibre balance VIV","publisher":{"@id":"https:\/\/balance-viv.lu\/de\/#organization"},"potentialAction":[{"@type":"SearchAction","target":{"@type":"EntryPoint","urlTemplate":"https:\/\/balance-viv.lu\/de\/?s={search_term_string}"},"query-input":{"@type":"PropertyValueSpecification","valueRequired":true,"valueName":"search_term_string"}}],"inLanguage":"de"},{"@type":"Organization","@id":"https:\/\/balance-viv.lu\/de\/#organization","name":"Balance VIV","url":"https:\/\/balance-viv.lu\/de\/","logo":{"@type":"ImageObject","inLanguage":"de","@id":"https:\/\/balance-viv.lu\/de\/#\/schema\/logo\/image\/","url":"https:\/\/balance-viv.lu\/wp-content\/uploads\/2024\/05\/logo.png","contentUrl":"https:\/\/balance-viv.lu\/wp-content\/uploads\/2024\/05\/logo.png","width":900,"height":322,"caption":"Balance VIV"},"image":{"@id":"https:\/\/balance-viv.lu\/de\/#\/schema\/logo\/image\/"}}]}},"_links":{"self":[{"href":"https:\/\/balance-viv.lu\/de\/wp-json\/wp\/v2\/pages\/12153","targetHints":{"allow":["GET"]}}],"collection":[{"href":"https:\/\/balance-viv.lu\/de\/wp-json\/wp\/v2\/pages"}],"about":[{"href":"https:\/\/balance-viv.lu\/de\/wp-json\/wp\/v2\/types\/page"}],"author":[{"embeddable":true,"href":"https:\/\/balance-viv.lu\/de\/wp-json\/wp\/v2\/users\/1"}],"replies":[{"embeddable":true,"href":"https:\/\/balance-viv.lu\/de\/wp-json\/wp\/v2\/comments?post=12153"}],"version-history":[{"count":8,"href":"https:\/\/balance-viv.lu\/de\/wp-json\/wp\/v2\/pages\/12153\/revisions"}],"predecessor-version":[{"id":12346,"href":"https:\/\/balance-viv.lu\/de\/wp-json\/wp\/v2\/pages\/12153\/revisions\/12346"}],"wp:attachment":[{"href":"https:\/\/balance-viv.lu\/de\/wp-json\/wp\/v2\/media?parent=12153"}],"curies":[{"name":"wp","href":"https:\/\/api.w.org\/{rel}","templated":true}]}}